{"id":11364,"date":"2021-09-16T14:39:00","date_gmt":"2021-09-16T12:39:00","guid":{"rendered":"https:\/\/costumes-urbains.com\/?page_id=11364"},"modified":"2021-09-17T14:30:07","modified_gmt":"2021-09-17T12:30:07","slug":"11364-2","status":"publish","type":"page","link":"https:\/\/costumes-urbains.com\/?page_id=11364","title":{"rendered":"(Mars 2021) M\u00e9rida"},"content":{"rendered":"<p>&nbsp;<\/p>\n<p style=\"text-align: center;\"><span style=\"font-size: 24pt;\"><em><strong>Il faut cliquer sur les Titres pour acc\u00e9der aux fiches d\u00e9taillant toute la\u00a0 r\u00e9alisation\u00a0 (liens rapides) \u00e9tape par \u00e9tape du costume<\/strong><\/em><\/span><\/p>\n<p style=\"text-align: center;\"><span style=\"font-size: 18pt;\"><strong><a href=\"https:\/\/costumes-urbains.com\/?p=10606\" target=\"_blank\" rel=\"noopener noreferrer\">M\u00e9rida, Brave, Rebelle version XVIIIem si\u00e8cle<\/a><\/strong><\/span><\/p>\n<p style=\"text-align: center;\"><span style=\"font-size: 18pt;\"><strong><img decoding=\"async\" src=\"https:\/\/costumes-urbains.com\/wp-content\/uploads\/2021\/05\/FB_IMG_1620388088488.jpg\" \/><\/strong><\/span><\/p>\n<p style=\"text-align: center;\"><span style=\"font-size: 18pt;\"><strong><a href=\"https:\/\/costumes-urbains.com\/?p=10610\">M\u00e9rida, Brave, Rebelle version XVIIIem si\u00e8cle: le corsage<\/a><\/strong><\/span><\/p>\n<p style=\"text-align: center;\"><span style=\"font-size: 18pt;\"><strong><img decoding=\"async\" src=\"https:\/\/costumes-urbains.com\/wp-content\/uploads\/2021\/04\/cors00.jpg\" \/><\/strong><\/span><\/p>\n<p style=\"text-align: center;\"><span style=\"font-size: 18pt;\"><strong><a href=\"https:\/\/costumes-urbains.com\/?p=10668\" target=\"_blank\" rel=\"noopener noreferrer\">M\u00e9rida, Brave, Rebelle version XVIIIem si\u00e8cle: le jupon et la surjupe<\/a><\/strong><\/span><\/p>\n<p style=\"text-align: center;\"><span style=\"font-size: 18pt;\"><strong><img decoding=\"async\" src=\"https:\/\/costumes-urbains.com\/wp-content\/uploads\/2021\/05\/su00.jpg\" \/><\/strong><\/span><\/p>\n<p style=\"text-align: center;\"><span style=\"font-size: 18pt;\"><strong><a href=\"https:\/\/costumes-urbains.com\/?p=10795\" target=\"_blank\" rel=\"noopener noreferrer\">M\u00e9rida, Brave, Rebelle version XVIIIem si\u00e8cle: le beret \u00e9cossais<\/a><\/strong><\/span><\/p>\n<p style=\"text-align: center;\"><span style=\"font-size: 18pt;\"><strong><img decoding=\"async\" src=\"https:\/\/costumes-urbains.com\/wp-content\/uploads\/2021\/05\/beret01.jpg\" \/><\/strong><\/span><\/p>\n<p style=\"text-align: center;\"><span style=\"font-size: 18pt;\"><strong><a href=\"https:\/\/costumes-urbains.com\/?p=10868\" target=\"_blank\" rel=\"noopener noreferrer\">M\u00e9rida, Brave, Rebelle version XVIIIem si\u00e8cle: le gantelet et le carquois<\/a><\/strong><\/span><\/p>\n<p style=\"text-align: center;\"><span style=\"font-size: 18pt;\"><strong><img decoding=\"async\" src=\"https:\/\/costumes-urbains.com\/wp-content\/uploads\/2021\/05\/c04.jpg\" \/><\/strong><\/span><\/p>\n<p style=\"text-align: center;\"><span style=\"font-size: 18pt;\"><strong><a href=\"https:\/\/costumes-urbains.com\/?p=10900\" target=\"_blank\" rel=\"noopener noreferrer\">M\u00e9rida, Brave, Rebelle version XVIIIem si\u00e8cle: l\u2019arc et ses fl\u00e8ches<\/a><\/strong><\/span><\/p>\n<p style=\"text-align: center;\"><span style=\"font-size: 18pt;\"><strong><img decoding=\"async\" src=\"https:\/\/costumes-urbains.com\/wp-content\/uploads\/2021\/05\/c09.jpg\" \/><\/strong><\/span><\/p>\n<p style=\"text-align: center;\"><span style=\"font-size: 18pt;\"><strong><a href=\"https:\/\/costumes-urbains.com\/?p=10933\" target=\"_blank\" rel=\"noopener noreferrer\">M\u00e9rida, Brave, Rebelle version XVIIIem si\u00e8cle: le bilan<\/a><\/strong><\/span><\/p>\n<p style=\"text-align: center;\"><span style=\"font-size: 18pt;\"><strong><img decoding=\"async\" src=\"https:\/\/costumes-urbains.com\/wp-content\/uploads\/2021\/04\/fin01.jpg\" \/><\/strong><\/span><\/p>\n<p style=\"text-align: center;\"><span style=\"font-size: 18pt;\"><strong><a href=\"https:\/\/costumes-urbains.com\/?p=10938\" target=\"_blank\" rel=\"noopener noreferrer\">M\u00e9rida, Brave, Rebelle version XVIIIem si\u00e8cle: les photos<\/a><\/strong><\/span><\/p>\n<p style=\"text-align: center;\"><span style=\"font-size: 18pt;\"><strong><img decoding=\"async\" src=\"https:\/\/costumes-urbains.com\/wp-content\/uploads\/2021\/05\/merida00.jpg\" \/><\/strong><\/span><\/p>\n<p style=\"text-align: center;\">\n","protected":false},"excerpt":{"rendered":"<p>&nbsp; Il faut cliquer sur les Titres pour acc\u00e9der aux fiches d\u00e9taillant toute la\u00a0 r\u00e9alisation\u00a0 (liens rapides) \u00e9tape par \u00e9tape du costume M\u00e9rida, Brave, Rebelle version XVIIIem si\u00e8cle M\u00e9rida, Brave, Rebelle version XVIIIem si\u00e8cle: le corsage M\u00e9rida, Brave, Rebelle version XVIIIem si\u00e8cle: le jupon et la surjupe M\u00e9rida, Brave, Rebelle version XVIIIem si\u00e8cle: le beret [&hellip;]<\/p>\n","protected":false},"author":1,"featured_media":0,"parent":0,"menu_order":0,"comment_status":"closed","ping_status":"closed","template":"","meta":{"jetpack_post_was_ever_published":false,"footnotes":""},"class_list":["post-11364","page","type-page","status-publish","hentry"],"jetpack_sharing_enabled":true,"jetpack_likes_enabled":true,"_links":{"self":[{"href":"https:\/\/costumes-urbains.com\/index.php?rest_route=\/wp\/v2\/pages\/11364","targetHints":{"allow":["GET"]}}],"collection":[{"href":"https:\/\/costumes-urbains.com\/index.php?rest_route=\/wp\/v2\/pages"}],"about":[{"href":"https:\/\/costumes-urbains.com\/index.php?rest_route=\/wp\/v2\/types\/page"}],"author":[{"embeddable":true,"href":"https:\/\/costumes-urbains.com\/index.php?rest_route=\/wp\/v2\/users\/1"}],"replies":[{"embeddable":true,"href":"https:\/\/costumes-urbains.com\/index.php?rest_route=%2Fwp%2Fv2%2Fcomments&post=11364"}],"version-history":[{"count":2,"href":"https:\/\/costumes-urbains.com\/index.php?rest_route=\/wp\/v2\/pages\/11364\/revisions"}],"predecessor-version":[{"id":11387,"href":"https:\/\/costumes-urbains.com\/index.php?rest_route=\/wp\/v2\/pages\/11364\/revisions\/11387"}],"wp:attachment":[{"href":"https:\/\/costumes-urbains.com\/index.php?rest_route=%2Fwp%2Fv2%2Fmedia&parent=11364"}],"curies":[{"name":"wp","href":"https:\/\/api.w.org\/{rel}","templated":true}]}}