{"id":12127,"date":"2022-01-03T14:51:30","date_gmt":"2022-01-03T13:51:30","guid":{"rendered":"https:\/\/costumes-urbains.com\/?page_id=12127"},"modified":"2022-01-03T15:10:15","modified_gmt":"2022-01-03T14:10:15","slug":"juin-2021-star-trek","status":"publish","type":"page","link":"https:\/\/costumes-urbains.com\/?page_id=12127","title":{"rendered":"(Juin 2021) Star Trek"},"content":{"rendered":"<h2 style=\"text-align: center;\"><em><strong><span style=\"font-size: 18pt;\">Il faut cliquer sur les Titres pour acc\u00e9der aux fiches d\u00e9taillant toute la\u00a0 r\u00e9alisation\u00a0 (liens rapides) \u00e9tape par \u00e9tape du costume\u00a0<\/span><\/strong><\/em><\/h2>\n<p style=\"text-align: center;\"><strong><em><span style=\"font-size: 14pt;\"><a href=\"https:\/\/costumes-urbains.com\/?p=11404\" target=\"_blank\" rel=\"noopener noreferrer\">Star trek la s\u00e9rie original projet<\/a><\/span><\/em><\/strong><\/p>\n<p style=\"text-align: center;\"><strong><em><span style=\"font-size: 14pt;\"><img decoding=\"async\" src=\"https:\/\/costumes-urbains.com\/wp-content\/uploads\/2021\/09\/Star-Trek1.jpg\" \/><\/span><\/em><\/strong><\/p>\n<p style=\"text-align: center;\"><strong><em><span style=\"font-size: 14pt;\"><a href=\"https:\/\/costumes-urbains.com\/?p=11440\" target=\"_blank\" rel=\"noopener noreferrer\">Star trek la s\u00e9rie original: Kirk et Spock<\/a><\/span><\/em><\/strong><\/p>\n<p style=\"text-align: center;\"><strong><em><span style=\"font-size: 14pt;\"><img decoding=\"async\" src=\"https:\/\/costumes-urbains.com\/wp-content\/uploads\/2021\/08\/ra08.jpg\" \/><\/span><\/em><\/strong><\/p>\n<p style=\"text-align: center;\"><strong><em><span style=\"font-size: 14pt;\"><a href=\"https:\/\/costumes-urbains.com\/?p=11457\" target=\"_blank\" rel=\"noopener noreferrer\">Star trek la s\u00e9rie original: Macoy et Scoty<\/a><\/span><\/em><\/strong><\/p>\n<p style=\"text-align: center;\"><strong><em><span style=\"font-size: 14pt;\"><img decoding=\"async\" src=\"https:\/\/costumes-urbains.com\/wp-content\/uploads\/2021\/08\/rb018.jpg\" \/><\/span><\/em><\/strong><\/p>\n<p style=\"text-align: center;\"><strong><em><span style=\"font-size: 14pt;\"><a href=\"https:\/\/costumes-urbains.com\/?p=11560\" target=\"_blank\" rel=\"noopener noreferrer\">Star trek la s\u00e9rie original: les broderies<\/a><\/span><\/em><\/strong><\/p>\n<p style=\"text-align: center;\"><strong><em><span style=\"font-size: 14pt;\"><img decoding=\"async\" src=\"https:\/\/costumes-urbains.com\/wp-content\/uploads\/2021\/08\/5259860-william-shatner-le-capitaine-kirk-dans-950x0-3.jpg\" \/><\/span><\/em><\/strong><\/p>\n<p style=\"text-align: center;\"><strong><em><span style=\"font-size: 14pt;\"><a href=\"https:\/\/costumes-urbains.com\/?p=11592\" target=\"_blank\" rel=\"noopener noreferrer\">Star trek la s\u00e9rie original: le tricorder<\/a><\/span><\/em><\/strong><\/p>\n<p style=\"text-align: center;\"><strong><em><span style=\"font-size: 14pt;\"><img decoding=\"async\" src=\"https:\/\/costumes-urbains.com\/wp-content\/uploads\/2021\/09\/208359426_4289119201110024_5449241410464508305_n.jpg\" \/><\/span><\/em><\/strong><\/p>\n<p style=\"text-align: center;\"><strong><em><span style=\"font-size: 14pt;\"><a href=\"https:\/\/costumes-urbains.com\/?p=11638\" target=\"_blank\" rel=\"noopener noreferrer\">Star trek la s\u00e9rie original: le phaser<\/a><\/span><\/em><\/strong><\/p>\n<p style=\"text-align: center;\"><strong><em><span style=\"font-size: 14pt;\"><img decoding=\"async\" src=\"https:\/\/costumes-urbains.com\/wp-content\/uploads\/2021\/08\/ph02.jpg\" \/><\/span><\/em><\/strong><\/p>\n<p style=\"text-align: center;\"><strong><em><span style=\"font-size: 14pt;\"><a href=\"https:\/\/costumes-urbains.com\/?p=11876\" target=\"_blank\" rel=\"noopener noreferrer\">Shooting photo Star Trek<\/a><\/span><\/em><\/strong><\/p>\n<p><strong><em><span style=\"font-size: 14pt;\"><img decoding=\"async\" class=\"aligncenter\" src=\"https:\/\/costumes-urbains.com\/wp-content\/uploads\/2021\/11\/kirk00.jpg\" \/><\/span><\/em><\/strong><\/p>\n","protected":false},"excerpt":{"rendered":"<p>Il faut cliquer sur les Titres pour acc\u00e9der aux fiches d\u00e9taillant toute la\u00a0 r\u00e9alisation\u00a0 (liens rapides) \u00e9tape par \u00e9tape du costume\u00a0 Star trek la s\u00e9rie original projet Star trek la s\u00e9rie original: Kirk et Spock Star trek la s\u00e9rie original: Macoy et Scoty Star trek la s\u00e9rie original: les broderies Star trek la s\u00e9rie original: [&hellip;]<\/p>\n","protected":false},"author":1,"featured_media":0,"parent":0,"menu_order":0,"comment_status":"closed","ping_status":"closed","template":"","meta":{"jetpack_post_was_ever_published":false,"footnotes":""},"class_list":["post-12127","page","type-page","status-publish","hentry"],"jetpack_sharing_enabled":true,"jetpack_likes_enabled":true,"_links":{"self":[{"href":"https:\/\/costumes-urbains.com\/index.php?rest_route=\/wp\/v2\/pages\/12127","targetHints":{"allow":["GET"]}}],"collection":[{"href":"https:\/\/costumes-urbains.com\/index.php?rest_route=\/wp\/v2\/pages"}],"about":[{"href":"https:\/\/costumes-urbains.com\/index.php?rest_route=\/wp\/v2\/types\/page"}],"author":[{"embeddable":true,"href":"https:\/\/costumes-urbains.com\/index.php?rest_route=\/wp\/v2\/users\/1"}],"replies":[{"embeddable":true,"href":"https:\/\/costumes-urbains.com\/index.php?rest_route=%2Fwp%2Fv2%2Fcomments&post=12127"}],"version-history":[{"count":12,"href":"https:\/\/costumes-urbains.com\/index.php?rest_route=\/wp\/v2\/pages\/12127\/revisions"}],"predecessor-version":[{"id":12129,"href":"https:\/\/costumes-urbains.com\/index.php?rest_route=\/wp\/v2\/pages\/12127\/revisions\/12129"}],"wp:attachment":[{"href":"https:\/\/costumes-urbains.com\/index.php?rest_route=%2Fwp%2Fv2%2Fmedia&parent=12127"}],"curies":[{"name":"wp","href":"https:\/\/api.w.org\/{rel}","templated":true}]}}