{"id":13262,"date":"2022-10-25T10:48:18","date_gmt":"2022-10-25T08:48:18","guid":{"rendered":"https:\/\/costumes-urbains.com\/?page_id=13262"},"modified":"2022-10-25T13:49:00","modified_gmt":"2022-10-25T11:49:00","slug":"mes-costumes-a-vendre","status":"publish","type":"page","link":"https:\/\/costumes-urbains.com\/?page_id=13262","title":{"rendered":"Mes costumes \u00e0 vendre"},"content":{"rendered":"<p style=\"text-align: center;\"><span style=\"font-size: 36pt;\"><strong>A Lire avant de poursuivre !<\/strong><\/span><\/p>\n<p><img loading=\"lazy\" decoding=\"async\" class=\"size-full wp-image-13264 aligncenter\" src=\"https:\/\/costumes-urbains.com\/wp-content\/uploads\/2022\/10\/924beb29726735e71e684ebfcb7fb294-pink-watercolor-rosa-pink.jpg\" alt=\"\" width=\"236\" height=\"177\" \/><\/p>\n<p style=\"text-align: center;\"><span style=\"font-size: 14pt;\"><strong>Je met en vente certains de mes costumes.\u00a0<\/strong><\/span><\/p>\n<p style=\"text-align: center;\"><span style=\"font-size: 14pt;\"><strong>Je pr\u00e9cise certaine choses;<\/strong><\/span><\/p>\n<p style=\"text-align: center;\"><span style=\"font-size: 14pt;\"><strong>Je ne suis pas une boutique, je ne fabrique pas de costume sur mesure.<\/strong><\/span><\/p>\n<p style=\"text-align: center;\"><span style=\"font-size: 14pt;\"><strong>La couture est un loisir pour moi, ce n&rsquo;est pas mon m\u00e9tier\u00a0<\/strong><\/span><\/p>\n<p style=\"text-align: center;\"><span style=\"font-size: 14pt;\"><strong>Tout les costumes ici ont \u00e9t\u00e9 r\u00e9alis\u00e9 \u00e0 mes mensurations, il n&rsquo;y a donc pas d&rsquo;autre taille et aucunes possibilit\u00e9s que je les refasse \u00e0 votre taille<\/strong><\/span><\/p>\n<p style=\"text-align: center;\"><span style=\"font-size: 14pt;\"><strong>Je revend mes costumes car<\/strong><\/span><\/p>\n<p style=\"text-align: center;\"><span style=\"font-size: 14pt;\"><strong>-Je ne les reporterais pas.<\/strong><\/span><\/p>\n<p style=\"text-align: center;\"><span style=\"font-size: 14pt;\"><strong>-Ils ne me vont plus<\/strong><\/span><\/p>\n<p style=\"text-align: center;\"><span style=\"font-size: 14pt;\"><strong>-J&rsquo;ai besoin de place<\/strong><\/span><\/p>\n<p style=\"text-align: center;\"><span style=\"font-size: 14pt;\"><strong>Il n&rsquo;y\u00a0 pas de retour, ni d&rsquo;\u00e9change possible une fois le\u00a0 costume achet\u00e9.<\/strong><\/span><\/p>\n<p style=\"text-align: center;\"><span style=\"font-size: 14pt;\"><strong>Les frais de ports sont en plus et sont calcul\u00e9s en fonction du poids du colis .<\/strong><\/span><\/p>\n<p style=\"text-align: center;\"><span style=\"font-size: 14pt;\"><strong>Possibilit\u00e9\u00a0 de r\u00e9gler en plusieurs fois sur demande, livraison effectu\u00e9e apr\u00e8s le dernier versement<\/strong><\/span><\/p>\n<p style=\"text-align: center;\"><span style=\"font-size: 14pt;\"><strong>La fiche de conception du costume est disponible sur ce site. Vous pourrez ainsi voir l&rsquo;int\u00e9rieur et l&rsquo;ext\u00e9rieur et les diff\u00e9rentes \u00e9tapes de sa r\u00e9alisation.<\/strong><\/span><\/p>\n<p style=\"text-align: center;\"><span style=\"font-size: 14pt;\"><strong>Ils sont fabriqu\u00e9s \u00e0 la main et non de mani\u00e8re industriel, ils\u00a0 peuvent donc avoir certains d\u00e9fauts<\/strong><\/span><\/p>\n<p style=\"text-align: center;\"><span style=\"font-size: 14pt;\"><strong>Tout les costumes ont \u00e9t\u00e9 port\u00e9 une ou deux fois sauf pr\u00e9cision.<\/strong><\/span><\/p>\n<p style=\"text-align: center;\"><span style=\"font-size: 14pt;\"><strong>Lisez bien la description pour savoir ce que comprend le costume, certains accessoires peuvent ne pas \u00eatre compris dedans !\u00a0<\/strong><\/span><\/p>\n<p style=\"text-align: center;\"><span style=\"font-size: 14pt;\"><strong>Je me r\u00e9serve le droit\u00a0 de ne pas valider ou d&rsquo;annuler\u00a0 une vente si toutes\u00a0 \u00a0les conditions ne sont pas requise .<\/strong><\/span><\/p>\n<p style=\"text-align: center;\"><span style=\"font-size: 14pt;\"><strong>Je suis disponible par mail:<\/strong><\/span><\/p>\n<p style=\"text-align: center;\"><span style=\"font-size: 14pt;\"><strong><a href=\"mailto:Fubukimorisan@hotmail.fr\">Fubukimorisan@hotmail.fr<\/a><\/strong><\/span><\/p>\n<p style=\"text-align: center;\"><span style=\"font-size: 14pt;\"><strong>\u00a0 ou par messagerie facebook ou instagram (logo lien colonne de droite du site) pour tout renseignements compl\u00e9mentaires.<\/strong><\/span><\/p>\n<p>&nbsp;<\/p>\n<p><strong><span style=\"font-size: 14pt; color: #ff0000;\">J&rsquo;ai bien lu\u00a0 et je d\u00e9cide de continuer\u00a0 \u00a0 \u00a0 \u00a0 \u00a0 \u00a0 \u00a0 \u00a0 \u00a0 \u00a0 \u00a0 \u00a0 <\/span><a href=\"https:\/\/costumes-urbains.com\/?p=13269\"><span style=\"font-size: 14pt; color: #ff0000;\"><img loading=\"lazy\" decoding=\"async\" class=\"alignnone wp-image-13265\" src=\"https:\/\/costumes-urbains.com\/wp-content\/uploads\/2022\/10\/fl.jpg\" alt=\"\" width=\"106\" height=\"80\" srcset=\"https:\/\/costumes-urbains.com\/wp-content\/uploads\/2022\/10\/fl.jpg 400w, https:\/\/costumes-urbains.com\/wp-content\/uploads\/2022\/10\/fl-300x227.jpg 300w\" sizes=\"auto, (max-width: 106px) 100vw, 106px\" \/><\/span><\/a><\/strong><\/p>\n<p>&nbsp;<\/p>\n","protected":false},"excerpt":{"rendered":"<p>A Lire avant de poursuivre ! Je met en vente certains de mes costumes.\u00a0 Je pr\u00e9cise certaine choses; Je ne suis pas une boutique, je ne fabrique pas de costume sur mesure. La couture est un loisir pour moi, ce n&rsquo;est pas mon m\u00e9tier\u00a0 Tout les costumes ici ont \u00e9t\u00e9 r\u00e9alis\u00e9 \u00e0 mes mensurations, il [&hellip;]<\/p>\n","protected":false},"author":1,"featured_media":0,"parent":0,"menu_order":0,"comment_status":"closed","ping_status":"closed","template":"","meta":{"jetpack_post_was_ever_published":false,"footnotes":""},"class_list":["post-13262","page","type-page","status-publish","hentry"],"jetpack_sharing_enabled":true,"jetpack_likes_enabled":true,"_links":{"self":[{"href":"https:\/\/costumes-urbains.com\/index.php?rest_route=\/wp\/v2\/pages\/13262","targetHints":{"allow":["GET"]}}],"collection":[{"href":"https:\/\/costumes-urbains.com\/index.php?rest_route=\/wp\/v2\/pages"}],"about":[{"href":"https:\/\/costumes-urbains.com\/index.php?rest_route=\/wp\/v2\/types\/page"}],"author":[{"embeddable":true,"href":"https:\/\/costumes-urbains.com\/index.php?rest_route=\/wp\/v2\/users\/1"}],"replies":[{"embeddable":true,"href":"https:\/\/costumes-urbains.com\/index.php?rest_route=%2Fwp%2Fv2%2Fcomments&post=13262"}],"version-history":[{"count":9,"href":"https:\/\/costumes-urbains.com\/index.php?rest_route=\/wp\/v2\/pages\/13262\/revisions"}],"predecessor-version":[{"id":13289,"href":"https:\/\/costumes-urbains.com\/index.php?rest_route=\/wp\/v2\/pages\/13262\/revisions\/13289"}],"wp:attachment":[{"href":"https:\/\/costumes-urbains.com\/index.php?rest_route=%2Fwp%2Fv2%2Fmedia&parent=13262"}],"curies":[{"name":"wp","href":"https:\/\/api.w.org\/{rel}","templated":true}]}}