{"id":13470,"date":"2022-11-23T15:31:15","date_gmt":"2022-11-23T14:31:15","guid":{"rendered":"https:\/\/costumes-urbains.com\/?page_id=13470"},"modified":"2024-07-23T14:03:14","modified_gmt":"2024-07-23T12:03:14","slug":"avril-2022-blanche-neige-version-poupee-collector","status":"publish","type":"page","link":"https:\/\/costumes-urbains.com\/?page_id=13470","title":{"rendered":"(Avril 2022) Blanche neige: version poup\u00e9e collector"},"content":{"rendered":"<h2 style=\"text-align: center;\"><span style=\"font-size: 24pt;\"><strong>Il faut cliquer sur les Titres pour acc\u00e9der aux fiches d\u00e9taillant toute la\u00a0 r\u00e9alisation\u00a0 (liens rapides) \u00e9tape par \u00e9tape du costume\u00a0<\/strong><\/span><\/h2>\n<h2 style=\"text-align: center;\"><strong><span style=\"font-size: 14pt;\"><a href=\"https:\/\/costumes-urbains.com\/?p=13223\" target=\"_blank\" rel=\"bookmark noopener noreferrer\">Blanche neige: version poup\u00e9e collector<\/a><\/span><\/strong><\/h2>\n<p style=\"text-align: center;\"><strong><span style=\"font-size: 14pt;\"><img decoding=\"async\" src=\"https:\/\/costumes-urbains.com\/wp-content\/uploads\/2022\/07\/37992410.jpg\" \/><\/span><\/strong><\/p>\n<h2 style=\"text-align: center;\"><strong><span style=\"font-size: 14pt;\"><a href=\"https:\/\/costumes-urbains.com\/?p=13252\" target=\"_blank\" rel=\"bookmark noopener noreferrer\">Blanche neige: version poup\u00e9e collector, le patron<\/a><\/span><\/strong><\/h2>\n<p style=\"text-align: center;\"><strong><span style=\"font-size: 14pt;\"><img decoding=\"async\" src=\"https:\/\/costumes-urbains.com\/wp-content\/uploads\/2022\/07\/20220612_155255.jpg\" \/><\/span><\/strong><\/p>\n<h2 style=\"text-align: center;\"><strong><span style=\"font-size: 14pt;\"><a href=\"https:\/\/costumes-urbains.com\/?p=13309\" target=\"_blank\" rel=\"bookmark noopener noreferrer\">Blanche neige: version poup\u00e9e collector: Les broderies<\/a><\/span><\/strong><\/h2>\n<p style=\"text-align: center;\"><strong><span style=\"font-size: 14pt;\"><img decoding=\"async\" src=\"https:\/\/costumes-urbains.com\/wp-content\/uploads\/2022\/07\/20220518_174535.jpg\" \/><\/span><\/strong><\/p>\n<h2 style=\"text-align: center;\"><strong><span style=\"font-size: 14pt;\"><a href=\"https:\/\/costumes-urbains.com\/?p=13312\" target=\"_blank\" rel=\"bookmark noopener noreferrer\">Blanche neige: version poup\u00e9e collector, La jupe<\/a><\/span><\/strong><\/h2>\n<p><strong><span style=\"font-size: 14pt;\"><img decoding=\"async\" class=\"aligncenter\" src=\"https:\/\/costumes-urbains.com\/wp-content\/uploads\/2022\/07\/20220612_121049.jpg\" \/><\/span><\/strong><\/p>\n<h2 class=\"post-title entry-title\" style=\"text-align: center;\"><strong><span style=\"font-size: 14pt;\"><a href=\"https:\/\/costumes-urbains.com\/?p=13382\" target=\"_blank\" rel=\"bookmark noopener\">Blanche neige: version poup\u00e9e collector: le corsage<\/a><\/span><\/strong><\/h2>\n<p><img decoding=\"async\" class=\"aligncenter\" src=\"https:\/\/costumes-urbains.com\/wp-content\/uploads\/2022\/11\/cors.jpg\" \/><\/p>\n<p>&nbsp;<\/p>\n<h2 class=\"post-title entry-title\" style=\"text-align: center;\"><span style=\"font-size: 14pt;\"><strong><a href=\"https:\/\/costumes-urbains.com\/?p=13458\" target=\"_blank\" rel=\"bookmark noopener\">Blanche neige: version poup\u00e9e collector: la collerette<\/a><\/strong><\/span><\/h2>\n<p><img loading=\"lazy\" decoding=\"async\" class=\"aligncenter\" src=\"https:\/\/costumes-urbains.com\/wp-content\/uploads\/2022\/07\/20220705_141709.jpg\" width=\"459\" height=\"1019\" \/><\/p>\n","protected":false},"excerpt":{"rendered":"<p>Il faut cliquer sur les Titres pour acc\u00e9der aux fiches d\u00e9taillant toute la\u00a0 r\u00e9alisation\u00a0 (liens rapides) \u00e9tape par \u00e9tape du costume\u00a0 Blanche neige: version poup\u00e9e collector Blanche neige: version poup\u00e9e collector, le patron Blanche neige: version poup\u00e9e collector: Les broderies Blanche neige: version poup\u00e9e collector, La jupe Blanche neige: version poup\u00e9e collector: le corsage &nbsp; [&hellip;]<\/p>\n","protected":false},"author":1,"featured_media":0,"parent":0,"menu_order":0,"comment_status":"closed","ping_status":"closed","template":"","meta":{"jetpack_post_was_ever_published":false,"footnotes":""},"class_list":["post-13470","page","type-page","status-publish","hentry"],"jetpack_sharing_enabled":true,"jetpack_likes_enabled":true,"_links":{"self":[{"href":"https:\/\/costumes-urbains.com\/index.php?rest_route=\/wp\/v2\/pages\/13470","targetHints":{"allow":["GET"]}}],"collection":[{"href":"https:\/\/costumes-urbains.com\/index.php?rest_route=\/wp\/v2\/pages"}],"about":[{"href":"https:\/\/costumes-urbains.com\/index.php?rest_route=\/wp\/v2\/types\/page"}],"author":[{"embeddable":true,"href":"https:\/\/costumes-urbains.com\/index.php?rest_route=\/wp\/v2\/users\/1"}],"replies":[{"embeddable":true,"href":"https:\/\/costumes-urbains.com\/index.php?rest_route=%2Fwp%2Fv2%2Fcomments&post=13470"}],"version-history":[{"count":3,"href":"https:\/\/costumes-urbains.com\/index.php?rest_route=\/wp\/v2\/pages\/13470\/revisions"}],"predecessor-version":[{"id":14520,"href":"https:\/\/costumes-urbains.com\/index.php?rest_route=\/wp\/v2\/pages\/13470\/revisions\/14520"}],"wp:attachment":[{"href":"https:\/\/costumes-urbains.com\/index.php?rest_route=%2Fwp%2Fv2%2Fmedia&parent=13470"}],"curies":[{"name":"wp","href":"https:\/\/api.w.org\/{rel}","templated":true}]}}