{"id":13472,"date":"2022-11-23T15:30:49","date_gmt":"2022-11-23T14:30:49","guid":{"rendered":"https:\/\/costumes-urbains.com\/?page_id=13472"},"modified":"2024-07-23T14:32:13","modified_gmt":"2024-07-23T12:32:13","slug":"juin-2022-chimere-de-thierry-mugler","status":"publish","type":"page","link":"https:\/\/costumes-urbains.com\/?page_id=13472","title":{"rendered":"(juin 2022)  Chim\u00e8re de Thierry Mugler"},"content":{"rendered":"<h2 style=\"text-align: center;\"><span style=\"font-size: 24pt;\"><strong>Il faut cliquer sur les Titres pour acc\u00e9der aux fiches d\u00e9taillant toute la\u00a0 r\u00e9alisation\u00a0 (liens rapides) \u00e9tape par \u00e9tape du costume\u00a0<\/strong><\/span><\/h2>\n<h2 style=\"text-align: center;\"><strong><span style=\"font-size: 14pt;\"><a href=\"https:\/\/costumes-urbains.com\/?p=13248\" target=\"_blank\" rel=\"bookmark noopener noreferrer\">projet Chim\u00e8re de Thierry Mugler<\/a><\/span><\/strong><\/h2>\n<p style=\"text-align: center;\"><strong><span style=\"font-size: 14pt;\"><img decoding=\"async\" src=\"https:\/\/costumes-urbains.com\/wp-content\/uploads\/2022\/10\/Affiche-Mugler.jpg\" \/><\/span><\/strong><\/p>\n<h2 style=\"text-align: center;\"><strong><span style=\"font-size: 14pt;\"><a href=\"https:\/\/costumes-urbains.com\/?p=13314\" target=\"_blank\" rel=\"bookmark noopener noreferrer\">projet Chim\u00e8re de Thierry Mugler: le fond de robe<\/a><\/span><\/strong><\/h2>\n<p style=\"text-align: center;\"><strong><span style=\"font-size: 14pt;\"><img decoding=\"async\" src=\"https:\/\/costumes-urbains.com\/wp-content\/uploads\/2022\/11\/313911469_663596885378677_3815296524800119832_n.jpg\" \/><\/span><\/strong><\/p>\n<h2 style=\"text-align: center;\"><strong><span style=\"font-size: 14pt;\"><a href=\"https:\/\/costumes-urbains.com\/?p=13332\" target=\"_blank\" rel=\"bookmark noopener noreferrer\">projet Chim\u00e8re de Thierry Mugler: Le plastron<\/a><\/span><\/strong><\/h2>\n<p style=\"text-align: center;\"><strong><span style=\"font-size: 14pt;\"><img decoding=\"async\" src=\"https:\/\/costumes-urbains.com\/wp-content\/uploads\/2022\/11\/pl06.jpg\" \/><\/span><\/strong><\/p>\n<h2 style=\"text-align: center;\"><strong><span style=\"font-size: 14pt;\"><a href=\"https:\/\/costumes-urbains.com\/?p=13365\" target=\"_blank\" rel=\"bookmark noopener noreferrer\">projet Chim\u00e8re de Thierry Mugler: Les strass de la robe et les pi\u00e8ces hanches<\/a><\/span><\/strong><\/h2>\n<p><strong><span style=\"font-size: 14pt;\"><img decoding=\"async\" class=\"aligncenter\" src=\"https:\/\/costumes-urbains.com\/wp-content\/uploads\/2022\/11\/h02.jpg\" \/><\/span><\/strong><\/p>\n<h2 class=\"post-title entry-title\" style=\"text-align: center;\"><span style=\"font-size: 14pt;\"><strong><a href=\"https:\/\/costumes-urbains.com\/?p=13388\" target=\"_blank\" rel=\"bookmark noopener\">projet Chim\u00e8re de Thierry Mugler: les \u00e9cailles<\/a><\/strong><\/span><\/h2>\n<p><img decoding=\"async\" src=\"https:\/\/costumes-urbains.com\/wp-content\/uploads\/2022\/11\/20220810_150820.jpg\" \/><\/p>\n<h2 class=\"post-title entry-title\" style=\"text-align: center;\"><strong><span style=\"font-size: 14pt;\"><a href=\"https:\/\/costumes-urbains.com\/?p=13443\" target=\"_blank\" rel=\"bookmark noopener\">projet Chim\u00e8re de Thierry Mugler: La coiffe<\/a><\/span><\/strong><\/h2>\n<p><img decoding=\"async\" class=\"alignright\" src=\"https:\/\/costumes-urbains.com\/wp-content\/uploads\/2022\/11\/MAKEUP_2022090411005146_save.jpg\" \/><\/p>\n<p>&nbsp;<\/p>\n","protected":false},"excerpt":{"rendered":"<p>Il faut cliquer sur les Titres pour acc\u00e9der aux fiches d\u00e9taillant toute la\u00a0 r\u00e9alisation\u00a0 (liens rapides) \u00e9tape par \u00e9tape du costume\u00a0 projet Chim\u00e8re de Thierry Mugler projet Chim\u00e8re de Thierry Mugler: le fond de robe projet Chim\u00e8re de Thierry Mugler: Le plastron projet Chim\u00e8re de Thierry Mugler: Les strass de la robe et les pi\u00e8ces [&hellip;]<\/p>\n","protected":false},"author":1,"featured_media":0,"parent":0,"menu_order":0,"comment_status":"closed","ping_status":"closed","template":"","meta":{"jetpack_post_was_ever_published":false,"footnotes":""},"class_list":["post-13472","page","type-page","status-publish","hentry"],"jetpack_sharing_enabled":true,"jetpack_likes_enabled":true,"_links":{"self":[{"href":"https:\/\/costumes-urbains.com\/index.php?rest_route=\/wp\/v2\/pages\/13472","targetHints":{"allow":["GET"]}}],"collection":[{"href":"https:\/\/costumes-urbains.com\/index.php?rest_route=\/wp\/v2\/pages"}],"about":[{"href":"https:\/\/costumes-urbains.com\/index.php?rest_route=\/wp\/v2\/types\/page"}],"author":[{"embeddable":true,"href":"https:\/\/costumes-urbains.com\/index.php?rest_route=\/wp\/v2\/users\/1"}],"replies":[{"embeddable":true,"href":"https:\/\/costumes-urbains.com\/index.php?rest_route=%2Fwp%2Fv2%2Fcomments&post=13472"}],"version-history":[{"count":3,"href":"https:\/\/costumes-urbains.com\/index.php?rest_route=\/wp\/v2\/pages\/13472\/revisions"}],"predecessor-version":[{"id":14530,"href":"https:\/\/costumes-urbains.com\/index.php?rest_route=\/wp\/v2\/pages\/13472\/revisions\/14530"}],"wp:attachment":[{"href":"https:\/\/costumes-urbains.com\/index.php?rest_route=%2Fwp%2Fv2%2Fmedia&parent=13472"}],"curies":[{"name":"wp","href":"https:\/\/api.w.org\/{rel}","templated":true}]}}