{"id":1539,"date":"2015-08-18T18:58:37","date_gmt":"2015-08-18T16:58:37","guid":{"rendered":"http:\/\/costumes-urbains.com\/?page_id=1539"},"modified":"2018-12-19T12:08:12","modified_gmt":"2018-12-19T11:08:12","slug":"mai-2011-la-robe-angelique","status":"publish","type":"page","link":"https:\/\/costumes-urbains.com\/?page_id=1539","title":{"rendered":"( Mai 2011) La robe ang\u00e9lique"},"content":{"rendered":"<p style=\"text-align: center;\"><span style=\"text-decoration: underline;\"><em><strong><span style=\"font-size: 24pt;\">Il faut cliquer sur les Titres pour acc\u00e9der aux fiches d\u00e9taillant toute la\u00a0 r\u00e9alisation\u00a0 (liens rapides) \u00e9tape par \u00e9tape du costume\u00a0<\/span><\/strong><\/em><\/span><\/p>\n<p style=\"text-align: center;\"><a href=\"http:\/\/costumes-urbains.com\/?p=379\" target=\"_blank\" rel=\"noopener\">Le projet<\/a><\/p>\n<p style=\"text-align: center;\"><img loading=\"lazy\" decoding=\"async\" class=\"alignnone\" src=\"http:\/\/costumes-urbains.com\/wp-content\/uploads\/2015\/08\/32274.jpg\" alt=\"\" width=\"495\" height=\"318\" \/><\/p>\n<p style=\"text-align: center;\"><a href=\"http:\/\/costumes-urbains.com\/?p=378\" target=\"_blank\" rel=\"noopener\">d\u00e9coupage des pi\u00e8ces<\/a><\/p>\n<p style=\"text-align: center;\"><img loading=\"lazy\" decoding=\"async\" class=\"alignnone\" src=\"http:\/\/costumes-urbains.com\/wp-content\/uploads\/2015\/08\/visu.jpg\" alt=\"\" width=\"333\" height=\"499\" \/><\/p>\n<p style=\"text-align: center;\"><a href=\"http:\/\/costumes-urbains.com\/?p=377\" target=\"_blank\" rel=\"noopener\">Les plis de la jupe<\/a><\/p>\n<p style=\"text-align: center;\"><img loading=\"lazy\" decoding=\"async\" class=\"alignnone\" src=\"http:\/\/costumes-urbains.com\/wp-content\/uploads\/2011\/05\/pli02.jpg\" alt=\"\" width=\"333\" height=\"499\" \/><\/p>\n<p style=\"text-align: center;\"><a href=\"http:\/\/costumes-urbains.com\/?p=376\" target=\"_blank\" rel=\"noopener\">Le corps \u00e0 baleines<\/a><\/p>\n<p style=\"text-align: center;\"><img loading=\"lazy\" decoding=\"async\" class=\"alignnone\" src=\"http:\/\/costumes-urbains.com\/wp-content\/uploads\/2015\/08\/diderot01.jpg\" alt=\"\" width=\"337\" height=\"498\" \/><\/p>\n<p style=\"text-align: center;\"><a href=\"http:\/\/costumes-urbains.com\/?p=375\" target=\"_blank\" rel=\"noopener\">Le corps \u00e0 baleines 2<\/a><\/p>\n<p style=\"text-align: center;\"><img loading=\"lazy\" decoding=\"async\" class=\"alignnone\" src=\"http:\/\/costumes-urbains.com\/wp-content\/uploads\/2015\/08\/corp.jpg\" alt=\"\" width=\"333\" height=\"499\" \/><\/p>\n<p style=\"text-align: center;\"><a href=\"http:\/\/costumes-urbains.com\/?p=374\" target=\"_blank\" rel=\"noopener\">Le corps \u00e0 baleines 3<\/a><\/p>\n<p style=\"text-align: center;\"><img loading=\"lazy\" decoding=\"async\" class=\"alignnone\" src=\"http:\/\/costumes-urbains.com\/wp-content\/uploads\/2015\/08\/corp0000.jpg\" alt=\"\" width=\"333\" height=\"499\" \/><\/p>\n<p style=\"text-align: center;\"><a href=\"http:\/\/costumes-urbains.com\/?p=373\" target=\"_blank\" rel=\"noopener\">Le corps \u00e0 baleines 4<\/a><\/p>\n<p style=\"text-align: center;\"><img loading=\"lazy\" decoding=\"async\" class=\"alignnone\" src=\"http:\/\/costumes-urbains.com\/wp-content\/uploads\/2011\/06\/ts01.jpg\" alt=\"\" width=\"333\" height=\"499\" \/><\/p>\n<p style=\"text-align: center;\"><a href=\"http:\/\/costumes-urbains.com\/?p=372\" target=\"_blank\" rel=\"noopener\">un bon coup de ciseaux<\/a><\/p>\n<p style=\"text-align: center;\"><img loading=\"lazy\" decoding=\"async\" class=\"alignnone\" src=\"http:\/\/costumes-urbains.com\/wp-content\/uploads\/2011\/06\/an002.jpg\" alt=\"\" width=\"240\" height=\"360\" \/><\/p>\n<p style=\"text-align: center;\"><a href=\"http:\/\/costumes-urbains.com\/?p=371\" target=\"_blank\" rel=\"noopener\">Le corps \u00e0 baleines 5<\/a><\/p>\n<p style=\"text-align: center;\"><img loading=\"lazy\" decoding=\"async\" class=\"alignnone\" src=\"http:\/\/costumes-urbains.com\/wp-content\/uploads\/2015\/08\/corpsbf.jpg\" alt=\"\" width=\"263\" height=\"493\" \/><\/p>\n<p style=\"text-align: center;\"><a href=\"http:\/\/costumes-urbains.com\/?p=370\" target=\"_blank\" rel=\"noopener\">shooting<\/a><\/p>\n<p><img loading=\"lazy\" decoding=\"async\" class=\"alignnone aligncenter\" src=\"http:\/\/costumes-urbains.com\/wp-content\/uploads\/2011\/06\/angelique026.jpg\" alt=\"\" width=\"333\" height=\"499\" \/><\/p>\n","protected":false},"excerpt":{"rendered":"<p>Il faut cliquer sur les Titres pour acc\u00e9der aux fiches d\u00e9taillant toute la\u00a0 r\u00e9alisation\u00a0 (liens rapides) \u00e9tape par \u00e9tape du costume\u00a0 Le projet d\u00e9coupage des pi\u00e8ces Les plis de la jupe Le corps \u00e0 baleines Le corps \u00e0 baleines 2 Le corps \u00e0 baleines 3 Le corps \u00e0 baleines 4 un bon coup de ciseaux [&hellip;]<\/p>\n","protected":false},"author":1,"featured_media":0,"parent":0,"menu_order":0,"comment_status":"open","ping_status":"open","template":"","meta":{"jetpack_post_was_ever_published":false,"footnotes":""},"class_list":["post-1539","page","type-page","status-publish","hentry"],"jetpack_sharing_enabled":true,"jetpack_likes_enabled":true,"_links":{"self":[{"href":"https:\/\/costumes-urbains.com\/index.php?rest_route=\/wp\/v2\/pages\/1539","targetHints":{"allow":["GET"]}}],"collection":[{"href":"https:\/\/costumes-urbains.com\/index.php?rest_route=\/wp\/v2\/pages"}],"about":[{"href":"https:\/\/costumes-urbains.com\/index.php?rest_route=\/wp\/v2\/types\/page"}],"author":[{"embeddable":true,"href":"https:\/\/costumes-urbains.com\/index.php?rest_route=\/wp\/v2\/users\/1"}],"replies":[{"embeddable":true,"href":"https:\/\/costumes-urbains.com\/index.php?rest_route=%2Fwp%2Fv2%2Fcomments&post=1539"}],"version-history":[{"count":2,"href":"https:\/\/costumes-urbains.com\/index.php?rest_route=\/wp\/v2\/pages\/1539\/revisions"}],"predecessor-version":[{"id":6561,"href":"https:\/\/costumes-urbains.com\/index.php?rest_route=\/wp\/v2\/pages\/1539\/revisions\/6561"}],"wp:attachment":[{"href":"https:\/\/costumes-urbains.com\/index.php?rest_route=%2Fwp%2Fv2%2Fmedia&parent=1539"}],"curies":[{"name":"wp","href":"https:\/\/api.w.org\/{rel}","templated":true}]}}