{"id":455,"date":"2014-07-12T10:08:15","date_gmt":"2014-07-12T08:08:15","guid":{"rendered":"http:\/\/costumes-urbains.com\/?page_id=455"},"modified":"2018-12-19T12:00:53","modified_gmt":"2018-12-19T11:00:53","slug":"article-12-07-2014","status":"publish","type":"page","link":"https:\/\/costumes-urbains.com\/?page_id=455","title":{"rendered":"(Juil 2014)La robe \u00e0 la fran\u00e7aise"},"content":{"rendered":"<div class=\"ob-section ob-section-text\">\n<div class=\"ob-text\">\n<p style=\"text-align: center;\"><span style=\"text-decoration: underline;\"><em><strong><span style=\"font-size: 24pt;\">Il faut cliquer sur les Titres pour acc\u00e9der aux fiches d\u00e9taillant toute la\u00a0 r\u00e9alisation\u00a0 (liens rapides) \u00e9tape par \u00e9tape du costume\u00a0<\/span><\/strong><\/em><\/span><\/p>\n<p style=\"text-align: center;\"><strong><a href=\"http:\/\/costumes-urbains.com\/?p=60\" target=\"_blank\" rel=\"noopener\">Le panier: partie 1, agrandir son patron<\/a><\/strong><\/p>\n<\/div>\n<\/div>\n<div class=\"ob-section ob-section-images ob-default\" style=\"text-align: center;\">\n<div class=\"ob-row-1-col\"><a class=\"ob-link-img\" href=\"http:\/\/costumes-urbains.com\/wp-content\/uploads\/2014\/07\/ob_5750ed_ob-8bb70c-318358-261927887162529-12755.jpg\"><img decoding=\"async\" class=\"ob-cell ob-img ob-media\" src=\"http:\/\/costumes-urbains.com\/wp-content\/uploads\/2014\/07\/ob_5750ed_ob-8bb70c-318358-261927887162529-12755.jpg\" alt=\"La robe \u00e0 la fran\u00e7aise\" \/><\/a><\/div>\n<\/div>\n<div class=\"ob-section ob-section-text\" style=\"text-align: center;\">\n<div class=\"ob-text\">\n<p><strong><a href=\"http:\/\/costumes-urbains.com\/?p=58\" target=\"_blank\" rel=\"noopener\">Le panier partie 2: assemblage<\/a><\/strong><\/p>\n<\/div>\n<\/div>\n<div class=\"ob-section ob-section-images ob-default\" style=\"text-align: center;\">\n<div class=\"ob-row-1-col\"><a class=\"ob-link-img\" href=\"http:\/\/costumes-urbains.com\/wp-content\/uploads\/2014\/07\/ob_1ebf32_ob-1f2981-001.jpg\"><img decoding=\"async\" class=\"ob-cell ob-img ob-media\" src=\"http:\/\/costumes-urbains.com\/wp-content\/uploads\/2014\/07\/ob_1ebf32_ob-1f2981-001.jpg\" alt=\"La robe \u00e0 la fran\u00e7aise\" \/><\/a><\/div>\n<\/div>\n<div class=\"ob-section ob-section-text\" style=\"text-align: center;\">\n<div class=\"ob-text\">\n<p><strong><a href=\"http:\/\/costumes-urbains.com\/?p=56\" target=\"_blank\" rel=\"noopener\">r\u00e9alisation du panier partie 3:<\/a><\/strong><\/p>\n<\/div>\n<\/div>\n<div class=\"ob-section ob-section-images ob-default\" style=\"text-align: center;\">\n<div class=\"ob-row-1-col\"><a class=\"ob-link-img\" href=\"http:\/\/costumes-urbains.com\/wp-content\/uploads\/2014\/07\/ob_fd0518_ob-8d445b-009.jpg\"><img decoding=\"async\" class=\"ob-cell ob-img ob-media\" src=\"http:\/\/costumes-urbains.com\/wp-content\/uploads\/2014\/07\/ob_fd0518_ob-8d445b-009.jpg\" alt=\"La robe \u00e0 la fran\u00e7aise\" \/><\/a><\/div>\n<\/div>\n<div class=\"ob-section ob-section-text\" style=\"text-align: center;\">\n<div class=\"ob-text\">\n<p><strong><a href=\"http:\/\/costumes-urbains.com\/?p=55\" target=\"_blank\" rel=\"noopener\">le panier partie 4:<\/a><\/strong><\/p>\n<\/div>\n<\/div>\n<div class=\"ob-section ob-section-images ob-default\" style=\"text-align: center;\">\n<div class=\"ob-row-1-col\"><a class=\"ob-link-img\" href=\"http:\/\/costumes-urbains.com\/wp-content\/uploads\/2014\/07\/ob_41c461_ob-704db4-img-2852.jpg\"><img decoding=\"async\" class=\"ob-cell ob-img ob-media\" src=\"http:\/\/costumes-urbains.com\/wp-content\/uploads\/2014\/07\/ob_41c461_ob-704db4-img-2852.jpg\" alt=\"La robe \u00e0 la fran\u00e7aise\" \/><\/a><\/div>\n<\/div>\n<div class=\"ob-section ob-section-text\" style=\"text-align: center;\">\n<div class=\"ob-text\">\n<p><strong><a href=\"http:\/\/costumes-urbains.com\/?p=53\" target=\"_blank\" rel=\"noopener\">Partie 5: \u00e9tude du patron:<\/a><\/strong><\/p>\n<\/div>\n<\/div>\n<div class=\"ob-section ob-section-images ob-default\" style=\"text-align: center;\">\n<div class=\"ob-row-1-col\"><a class=\"ob-link-img\" href=\"http:\/\/costumes-urbains.com\/wp-content\/uploads\/2014\/07\/ob_e7db23_ob-466694-base1.jpg\"><img decoding=\"async\" class=\"ob-cell ob-img ob-media\" src=\"http:\/\/costumes-urbains.com\/wp-content\/uploads\/2014\/07\/ob_e7db23_ob-466694-base1.jpg\" alt=\"La robe \u00e0 la fran\u00e7aise\" \/><\/a><\/div>\n<\/div>\n<div class=\"ob-section ob-section-text\" style=\"text-align: center;\">\n<div class=\"ob-text\">\n<p><strong><a href=\"http:\/\/costumes-urbains.com\/?p=52\" target=\"_blank\" rel=\"noopener\">partie 6: le corps \u00e0 baleines:<\/a><\/strong><\/p>\n<\/div>\n<\/div>\n<div class=\"ob-section ob-section-images ob-default\" style=\"text-align: center;\">\n<div class=\"ob-row-1-col\"><a class=\"ob-link-img\" href=\"http:\/\/costumes-urbains.com\/wp-content\/uploads\/2014\/07\/ob_32d08a_ob-33be29-img-3188.jpg\"><img decoding=\"async\" class=\"ob-cell ob-img ob-media\" src=\"http:\/\/costumes-urbains.com\/wp-content\/uploads\/2014\/07\/ob_32d08a_ob-33be29-img-3188.jpg\" alt=\"La robe \u00e0 la fran\u00e7aise\" \/><\/a><\/div>\n<\/div>\n<div class=\"ob-section ob-section-text\" style=\"text-align: center;\">\n<div class=\"ob-text\">\n<p><strong><a href=\"http:\/\/costumes-urbains.com\/?p=51\" target=\"_blank\" rel=\"noopener\">partie 7: le jupon:<\/a><\/strong><\/p>\n<\/div>\n<\/div>\n<div class=\"ob-section ob-section-images ob-default\" style=\"text-align: center;\">\n<div class=\"ob-row-1-col\"><a class=\"ob-link-img\" href=\"http:\/\/costumes-urbains.com\/wp-content\/uploads\/2014\/07\/ob_2092e3_ob-079d4c-img-3111.jpg\"><img decoding=\"async\" class=\"ob-cell ob-img ob-media\" src=\"http:\/\/costumes-urbains.com\/wp-content\/uploads\/2014\/07\/ob_2092e3_ob-079d4c-img-3111.jpg\" alt=\"La robe \u00e0 la fran\u00e7aise\" \/><\/a><\/div>\n<\/div>\n<div class=\"ob-section ob-section-text\" style=\"text-align: center;\">\n<div class=\"ob-text\">\n<p><strong><a href=\"http:\/\/costumes-urbains.com\/?p=50\" target=\"_blank\" rel=\"noopener\">partie 8 : le manteau le dos:<\/a><\/strong><\/p>\n<\/div>\n<\/div>\n<div class=\"ob-section ob-section-images ob-default\" style=\"text-align: center;\">\n<div class=\"ob-row-1-col\"><a class=\"ob-link-img\" href=\"http:\/\/costumes-urbains.com\/wp-content\/uploads\/2014\/07\/ob_5bafc3_ob-360d4a-img-3220.jpg\"><img decoding=\"async\" class=\"ob-cell ob-img ob-media\" src=\"http:\/\/costumes-urbains.com\/wp-content\/uploads\/2014\/07\/ob_5bafc3_ob-360d4a-img-3220.jpg\" alt=\"La robe \u00e0 la fran\u00e7aise\" \/><\/a><\/div>\n<\/div>\n<div class=\"ob-section ob-section-text\" style=\"text-align: center;\">\n<div class=\"ob-text\">\n<p><strong><a href=\"http:\/\/costumes-urbains.com\/?p=49\" target=\"_blank\" rel=\"noopener\">partie 9: le manteau: le devant:<\/a><\/strong><\/p>\n<\/div>\n<\/div>\n<div class=\"ob-section ob-section-images ob-default\" style=\"text-align: center;\">\n<div class=\"ob-row-1-col\"><a class=\"ob-link-img\" href=\"http:\/\/costumes-urbains.com\/wp-content\/uploads\/2014\/07\/ob_fe5339_ob-bf6d01-img-3261.jpg\"><img decoding=\"async\" class=\"ob-cell ob-img ob-media\" src=\"http:\/\/costumes-urbains.com\/wp-content\/uploads\/2014\/07\/ob_fe5339_ob-bf6d01-img-3261.jpg\" alt=\"La robe \u00e0 la fran\u00e7aise\" \/><\/a><\/div>\n<\/div>\n<div class=\"ob-section ob-section-text\" style=\"text-align: center;\">\n<div class=\"ob-text\">\n<p><strong><a href=\"http:\/\/costumes-urbains.com\/?p=48\" target=\"_blank\" rel=\"noopener\">partie 10: ouverture\/fermeture du manteau:<\/a><\/strong><\/p>\n<\/div>\n<\/div>\n<div class=\"ob-section ob-section-images ob-default\" style=\"text-align: center;\">\n<div class=\"ob-row-1-col\"><a class=\"ob-link-img\" href=\"http:\/\/costumes-urbains.com\/wp-content\/uploads\/2014\/07\/ob_8819d3_ob-e70f48-img-3431.jpg\"><img decoding=\"async\" class=\"ob-cell ob-img ob-media\" src=\"http:\/\/costumes-urbains.com\/wp-content\/uploads\/2014\/07\/ob_8819d3_ob-e70f48-img-3431.jpg\" alt=\"La robe \u00e0 la fran\u00e7aise\" \/><\/a><\/div>\n<\/div>\n<div class=\"ob-section ob-section-text\" style=\"text-align: center;\">\n<div class=\"ob-text\">\n<p><a href=\"http:\/\/costumes-urbains.com\/?p=47\" target=\"_blank\" rel=\"noopener\">Partie 11: le syst\u00e8me de serrage des plis du dos<\/a><\/p>\n<p><img loading=\"lazy\" decoding=\"async\" class=\"alignnone\" src=\"http:\/\/costumes-urbains.com\/wp-content\/uploads\/2014\/08\/ob_0d3bdc_img-3246.jpg\" alt=\"\" width=\"682\" height=\"1024\" \/><\/p>\n<p>&nbsp;<\/p>\n<\/div>\n<\/div>\n<div class=\"ob-section ob-section-text\" style=\"text-align: center;\">\n<div class=\"ob-text\">\n<p><strong><a href=\"http:\/\/costumes-urbains.com\/?p=46\" target=\"_blank\" rel=\"noopener\">partie 12 :La pi\u00e8ce d&rsquo;estomac<\/a><\/strong><\/p>\n<\/div>\n<\/div>\n<div class=\"ob-section ob-section-images ob-default\" style=\"text-align: center;\">\n<div class=\"ob-row-1-col\"><a class=\"ob-link-img\" href=\"http:\/\/costumes-urbains.com\/wp-content\/uploads\/2014\/07\/ob_3742be_ob-133b35-img-3455.jpg\"><img decoding=\"async\" class=\"ob-cell ob-img ob-media\" src=\"http:\/\/costumes-urbains.com\/wp-content\/uploads\/2014\/07\/ob_3742be_ob-133b35-img-3455.jpg\" alt=\"La robe \u00e0 la fran\u00e7aise\" \/><\/a><\/div>\n<\/div>\n<div class=\"ob-section ob-section-text\" style=\"text-align: center;\">\n<div class=\"ob-text\">\n<p><strong><a href=\"http:\/\/costumes-urbains.com\/?p=45\" target=\"_blank\" rel=\"noopener\">Partie 13:Les plis cot\u00e9: le manteau<\/a><\/strong><\/p>\n<\/div>\n<\/div>\n<div class=\"ob-section ob-section-images ob-default\" style=\"text-align: center;\">\n<div class=\"ob-row-1-col\"><a class=\"ob-link-img\" href=\"http:\/\/costumes-urbains.com\/wp-content\/uploads\/2014\/07\/ob_79a1db_ob-c8118f-img-3698.jpg\"><img decoding=\"async\" class=\"ob-cell ob-img ob-media\" src=\"http:\/\/costumes-urbains.com\/wp-content\/uploads\/2014\/07\/ob_79a1db_ob-c8118f-img-3698.jpg\" alt=\"La robe \u00e0 la fran\u00e7aise\" \/><\/a><\/div>\n<\/div>\n<div class=\"ob-section ob-section-text\" style=\"text-align: center;\">\n<div class=\"ob-text\">\n<p><strong><a href=\"http:\/\/costumes-urbains.com\/?p=44\" target=\"_blank\" rel=\"noopener\">Partie 14: retouches derni\u00e8res minutes:<\/a><\/strong><\/p>\n<\/div>\n<\/div>\n<div class=\"ob-section ob-section-images ob-default\" style=\"text-align: center;\">\n<div class=\"ob-row-1-col\"><a class=\"ob-link-img\" href=\"http:\/\/costumes-urbains.com\/wp-content\/uploads\/2014\/07\/ob_70f7dc_ob-c72c51-img-3470.jpg\"><img decoding=\"async\" class=\"ob-cell ob-img ob-media\" src=\"http:\/\/costumes-urbains.com\/wp-content\/uploads\/2014\/07\/ob_70f7dc_ob-c72c51-img-3470.jpg\" alt=\"La robe \u00e0 la fran\u00e7aise\" \/><\/a><\/div>\n<\/div>\n<div class=\"ob-section ob-section-text\" style=\"text-align: center;\">\n<div class=\"ob-text\">\n<p><strong><a href=\"http:\/\/costumes-urbains.com\/?p=43\" target=\"_blank\" rel=\"noopener\">Partie 15: Les manches<\/a><\/strong><\/p>\n<\/div>\n<\/div>\n<div class=\"ob-section ob-section-images ob-default\" style=\"text-align: center;\">\n<div class=\"ob-row-1-col\"><a class=\"ob-link-img\" href=\"http:\/\/costumes-urbains.com\/wp-content\/uploads\/2014\/07\/ob_3d4bf6_ob-d0ba05-img-3684.jpg\"><img decoding=\"async\" class=\"ob-cell ob-img ob-media\" src=\"http:\/\/costumes-urbains.com\/wp-content\/uploads\/2014\/07\/ob_3d4bf6_ob-d0ba05-img-3684.jpg\" alt=\"La robe \u00e0 la fran\u00e7aise\" \/><\/a><\/div>\n<\/div>\n<div class=\"ob-section ob-section-html\" style=\"text-align: center;\">\n<p><strong><a href=\"http:\/\/costumes-urbains.com\/?p=42\" target=\"_blank\" rel=\"noopener\">La d\u00e9coration:<\/a><\/strong><\/p>\n<\/div>\n<div class=\"ob-section ob-section-images ob-default\" style=\"text-align: center;\">\n<div class=\"ob-row-1-col\"><a class=\"ob-link-img\" href=\"http:\/\/costumes-urbains.com\/wp-content\/uploads\/2014\/07\/ob_aab7de_ob-349a99-img-3708.jpg\"><img decoding=\"async\" class=\"ob-cell ob-img ob-media\" src=\"http:\/\/costumes-urbains.com\/wp-content\/uploads\/2014\/07\/ob_aab7de_ob-349a99-img-3708.jpg\" alt=\"La robe \u00e0 la fran\u00e7aise\" \/><\/a><\/div>\n<\/div>\n<div class=\"ob-section ob-section-html\" style=\"text-align: center;\">\n<p><strong><a href=\"http:\/\/costumes-urbains.com\/?p=41\" target=\"_blank\" rel=\"noopener\">Le projet termin\u00e9:<\/a><\/strong><\/p>\n<\/div>\n<div class=\"ob-section ob-section-images ob-default\">\n<div class=\"ob-row-1-col\" style=\"text-align: center;\"><a class=\"ob-link-img\" href=\"http:\/\/costumes-urbains.com\/wp-content\/uploads\/2014\/07\/ob_d0dc98_ob-c8f847-img-3889.jpg\"><img decoding=\"async\" class=\"ob-cell ob-img ob-media\" src=\"http:\/\/costumes-urbains.com\/wp-content\/uploads\/2014\/07\/ob_d0dc98_ob-c8f847-img-3889.jpg\" alt=\"La robe \u00e0 la fran\u00e7aise\" \/><\/a><\/div>\n<div class=\"ob-row-1-col\" style=\"text-align: center;\"><a class=\"ob-link-img\" href=\"http:\/\/costumes-urbains.com\/wp-content\/uploads\/2014\/07\/ob_c1a91d_ob-5e8084-img-3894.jpg\"><img decoding=\"async\" class=\"ob-cell ob-img ob-media\" src=\"http:\/\/costumes-urbains.com\/wp-content\/uploads\/2014\/07\/ob_c1a91d_ob-5e8084-img-3894.jpg\" alt=\"La robe \u00e0 la fran\u00e7aise\" \/><\/a><\/div>\n<div class=\"ob-row-1-col\" style=\"text-align: center;\"><a href=\"http:\/\/costumes-urbains.com\/?p=4199\" target=\"_blank\" rel=\"noopener\">Le shooting<\/a><\/div>\n<div class=\"ob-row-1-col\"><a href=\"http:\/\/costumes-urbains.com\/wp-content\/uploads\/2015\/10\/mpmod.jpg\"><img loading=\"lazy\" decoding=\"async\" class=\"alignnone size-large wp-image-4204 aligncenter\" src=\"http:\/\/costumes-urbains.com\/wp-content\/uploads\/2015\/10\/mpmod-683x1024.jpg\" alt=\"mpmod\" width=\"640\" height=\"960\" srcset=\"https:\/\/costumes-urbains.com\/wp-content\/uploads\/2015\/10\/mpmod-683x1024.jpg 683w, https:\/\/costumes-urbains.com\/wp-content\/uploads\/2015\/10\/mpmod-200x300.jpg 200w, https:\/\/costumes-urbains.com\/wp-content\/uploads\/2015\/10\/mpmod.jpg 1500w\" sizes=\"auto, (max-width: 640px) 100vw, 640px\" \/><\/a><\/div>\n<\/div>\n","protected":false},"excerpt":{"rendered":"<p>Il faut cliquer sur les Titres pour acc\u00e9der aux fiches d\u00e9taillant toute la\u00a0 r\u00e9alisation\u00a0 (liens rapides) \u00e9tape par \u00e9tape du costume\u00a0 Le panier: partie 1, agrandir son patron Le panier partie 2: assemblage r\u00e9alisation du panier partie 3: le panier partie 4: Partie 5: \u00e9tude du patron: partie 6: le corps \u00e0 baleines: partie 7: [&hellip;]<\/p>\n","protected":false},"author":1,"featured_media":0,"parent":0,"menu_order":0,"comment_status":"open","ping_status":"closed","template":"","meta":{"jetpack_post_was_ever_published":false,"footnotes":""},"class_list":["post-455","page","type-page","status-publish","hentry"],"jetpack_sharing_enabled":true,"jetpack_likes_enabled":true,"_links":{"self":[{"href":"https:\/\/costumes-urbains.com\/index.php?rest_route=\/wp\/v2\/pages\/455","targetHints":{"allow":["GET"]}}],"collection":[{"href":"https:\/\/costumes-urbains.com\/index.php?rest_route=\/wp\/v2\/pages"}],"about":[{"href":"https:\/\/costumes-urbains.com\/index.php?rest_route=\/wp\/v2\/types\/page"}],"author":[{"embeddable":true,"href":"https:\/\/costumes-urbains.com\/index.php?rest_route=\/wp\/v2\/users\/1"}],"replies":[{"embeddable":true,"href":"https:\/\/costumes-urbains.com\/index.php?rest_route=%2Fwp%2Fv2%2Fcomments&post=455"}],"version-history":[{"count":7,"href":"https:\/\/costumes-urbains.com\/index.php?rest_route=\/wp\/v2\/pages\/455\/revisions"}],"predecessor-version":[{"id":6539,"href":"https:\/\/costumes-urbains.com\/index.php?rest_route=\/wp\/v2\/pages\/455\/revisions\/6539"}],"wp:attachment":[{"href":"https:\/\/costumes-urbains.com\/index.php?rest_route=%2Fwp%2Fv2%2Fmedia&parent=455"}],"curies":[{"name":"wp","href":"https:\/\/api.w.org\/{rel}","templated":true}]}}