{"id":462,"date":"2013-11-20T13:02:21","date_gmt":"2013-11-20T12:02:21","guid":{"rendered":"http:\/\/costumes-urbains.com\/?page_id=462"},"modified":"2018-12-19T11:58:38","modified_gmt":"2018-12-19T10:58:38","slug":"article-20-11-2013","status":"publish","type":"page","link":"https:\/\/costumes-urbains.com\/?page_id=462","title":{"rendered":"(Mai 2013)Robe once upon a time"},"content":{"rendered":"<div class=\"ob-section ob-section-text\">\n<div class=\"ob-text\">\n<p style=\"text-align: center;\"><span style=\"text-decoration: underline;\"><em><strong><span style=\"font-size: 24pt;\">Il faut cliquer sur les Titres pour acc\u00e9der aux fiches d\u00e9taillant toute la\u00a0 r\u00e9alisation\u00a0 (liens rapides) \u00e9tape par \u00e9tape du costume\u00a0<\/span><\/strong><\/em><\/span><\/p>\n<p style=\"text-align: center;\"><strong>cette robe m&rsquo;a donn\u00e9 tant de soucis car elle est a \u00e9t\u00e9 r\u00e9alis\u00e9e en tissu synth\u00e9tique ( de poche \u00e0 douille pour cuisine). Elle a essuy\u00e9e toute sorte de controverses et de critiques \u00e0 cause de cela . Mais je cr\u00e9e toute sorte de costumes en tissus naturel ou pas, histo ou pas , hybride aussi. Je m&rsquo;assume compl\u00e8tement, je vie avec mon temps et j&rsquo;essaie d&rsquo;en faire profiter les autres. Bref l&rsquo;ann\u00e9e pass\u00e9e j&rsquo;ai \u00e9t\u00e9 embarqu\u00e9 dans la s\u00e9rie once upon a time, j&rsquo;ai eu envie de r\u00e9aliser une robe princesse. Voici le r\u00e9sum\u00e9 de sa r\u00e9alisation:<\/strong><\/p>\n<p style=\"text-align: center;\"><strong><a href=\"http:\/\/costumes-urbains.com\/?p=165\" target=\"_blank\" rel=\"noopener\">Le projet:<\/a><\/strong><\/p>\n<\/div>\n<\/div>\n<div class=\"ob-section ob-section-images ob-default\" style=\"text-align: center;\">\n<div class=\"ob-row-1-col\"><a class=\"ob-link-img\" href=\"http:\/\/costumes-urbains.com\/wp-content\/uploads\/2013\/11\/ob_11fc33_ob-90f330-545221-516364681718847-1718570162-n-jp.jpeg\"><img decoding=\"async\" class=\"ob-cell ob-img ob-media\" src=\"http:\/\/costumes-urbains.com\/wp-content\/uploads\/2013\/11\/ob_11fc33_ob-90f330-545221-516364681718847-1718570162-n-jp.jpeg\" alt=\"Robe once upon a time\" \/><\/a><\/div>\n<\/div>\n<div class=\"ob-section ob-section-text\" style=\"text-align: center;\">\n<div class=\"ob-text\">\n<p><strong><a href=\"http:\/\/costumes-urbains.com\/?p=163\" target=\"_blank\" rel=\"noopener\">Le tissu:<\/a><\/strong><\/p>\n<\/div>\n<\/div>\n<div class=\"ob-section ob-section-images ob-default\" style=\"text-align: center;\">\n<div class=\"ob-row-1-col\"><a class=\"ob-link-img\" href=\"http:\/\/costumes-urbains.com\/wp-content\/uploads\/2013\/11\/ob_0fbe29_ob-23a689-407581-526440904044558-1254564837-n-jp.jpeg\"><img decoding=\"async\" class=\"ob-cell ob-img ob-media\" src=\"http:\/\/costumes-urbains.com\/wp-content\/uploads\/2013\/11\/ob_0fbe29_ob-23a689-407581-526440904044558-1254564837-n-jp.jpeg\" alt=\"Robe once upon a time\" \/><\/a><\/div>\n<\/div>\n<div class=\"ob-section ob-section-text\" style=\"text-align: center;\">\n<div class=\"ob-text\">\n<p><strong><a href=\"http:\/\/costumes-urbains.com\/?p=160\" target=\"_blank\" rel=\"noopener\">Le corsage:<\/a><\/strong><\/p>\n<\/div>\n<\/div>\n<div class=\"ob-section ob-section-images ob-default\" style=\"text-align: center;\">\n<div class=\"ob-row-1-col\"><a class=\"ob-link-img\" href=\"http:\/\/costumes-urbains.com\/wp-content\/uploads\/2013\/11\/ob_0c891d_ob-e389d9-528046-532079556814026-1834691474-n-jp.jpeg\"><img decoding=\"async\" class=\"ob-cell ob-img ob-media\" src=\"http:\/\/costumes-urbains.com\/wp-content\/uploads\/2013\/11\/ob_0c891d_ob-e389d9-528046-532079556814026-1834691474-n-jp.jpeg\" alt=\"Robe once upon a time\" \/><\/a><\/div>\n<\/div>\n<div class=\"ob-section ob-section-text\" style=\"text-align: center;\">\n<div class=\"ob-text\">\n<p><strong><a href=\"http:\/\/costumes-urbains.com\/?p=162\" target=\"_blank\" rel=\"noopener\">Les strass:<\/a><\/strong><\/p>\n<\/div>\n<\/div>\n<div class=\"ob-section ob-section-images ob-default\" style=\"text-align: center;\">\n<div class=\"ob-row-1-col\"><a class=\"ob-link-img\" href=\"http:\/\/costumes-urbains.com\/wp-content\/uploads\/2013\/11\/ob_c31655_ob-bcb789-69199-526554150699900-1717567090-n-jpg.jpeg\"><img decoding=\"async\" class=\"ob-cell ob-img ob-media\" src=\"http:\/\/costumes-urbains.com\/wp-content\/uploads\/2013\/11\/ob_c31655_ob-bcb789-69199-526554150699900-1717567090-n-jpg.jpeg\" alt=\"Robe once upon a time\" \/><\/a><\/div>\n<\/div>\n<div class=\"ob-section ob-section-text\" style=\"text-align: center;\">\n<div class=\"ob-text\">\n<p><strong><a href=\"http:\/\/costumes-urbains.com\/?p=159\" target=\"_blank\" rel=\"noopener\">La robe une fois finie<\/a><\/strong><\/p>\n<\/div>\n<\/div>\n<div class=\"ob-section ob-section-images ob-default\" style=\"text-align: center;\">\n<div class=\"ob-row-1-col\"><a class=\"ob-link-img\" href=\"http:\/\/costumes-urbains.com\/wp-content\/uploads\/2013\/11\/ob_688c8f_ob-3f2a94-253681-549220855099896-794966219-n-jpg.jpeg\"><img decoding=\"async\" class=\"ob-cell ob-img ob-media\" src=\"http:\/\/costumes-urbains.com\/wp-content\/uploads\/2013\/11\/ob_688c8f_ob-3f2a94-253681-549220855099896-794966219-n-jpg.jpeg\" alt=\"Robe once upon a time\" \/><\/a><\/div>\n<div class=\"ob-row-1-col\"><a class=\"ob-link-img\" href=\"http:\/\/costumes-urbains.com\/wp-content\/uploads\/2013\/11\/ob_a8b748_ob-5e28b7-403167-549220791766569-1175279357-n-jp.jpeg\"><img decoding=\"async\" class=\"ob-cell ob-img ob-media\" src=\"http:\/\/costumes-urbains.com\/wp-content\/uploads\/2013\/11\/ob_a8b748_ob-5e28b7-403167-549220791766569-1175279357-n-jp.jpeg\" alt=\"Robe once upon a time\" \/><\/a><\/div>\n<div class=\"ob-row-1-col\"><a class=\"ob-link-img\" href=\"http:\/\/costumes-urbains.com\/wp-content\/uploads\/2013\/11\/ob_8848ae_ob-649b7f-535765-549220868433228-264759846-n-jpg.jpeg\"><img decoding=\"async\" class=\"ob-cell ob-img ob-media\" src=\"http:\/\/costumes-urbains.com\/wp-content\/uploads\/2013\/11\/ob_8848ae_ob-649b7f-535765-549220868433228-264759846-n-jpg.jpeg\" alt=\"Robe once upon a time\" \/><\/a><\/div>\n<div class=\"ob-row-1-col\"><a class=\"ob-link-img\" href=\"http:\/\/costumes-urbains.com\/wp-content\/uploads\/2013\/11\/ob_c9d85f_ob-89e918-625553-549220901766558-506582712-n-jpg.jpeg\"><img decoding=\"async\" class=\"ob-cell ob-img ob-media\" src=\"http:\/\/costumes-urbains.com\/wp-content\/uploads\/2013\/11\/ob_c9d85f_ob-89e918-625553-549220901766558-506582712-n-jpg.jpeg\" alt=\"Robe once upon a time\" \/><\/a><\/div>\n<\/div>\n<div class=\"ob-section ob-section-text\" style=\"text-align: center;\">\n<div class=\"ob-text\">\n<p><strong><a href=\"http:\/\/costumes-urbains.com\/?p=158\" target=\"_blank\" rel=\"noopener\">Les chaussures:<\/a><\/strong><\/p>\n<\/div>\n<\/div>\n<div class=\"ob-section ob-section-images ob-default\" style=\"text-align: center;\">\n<div class=\"ob-row-1-col\"><a class=\"ob-link-img\" href=\"http:\/\/costumes-urbains.com\/wp-content\/uploads\/2013\/11\/ob_02dbf2_ob-b94d64-971226-570628632959118-438521982-n-jpg.jpeg\"><img decoding=\"async\" class=\"ob-cell ob-img ob-media\" src=\"http:\/\/costumes-urbains.com\/wp-content\/uploads\/2013\/11\/ob_02dbf2_ob-b94d64-971226-570628632959118-438521982-n-jpg.jpeg\" alt=\"Robe once upon a time\" \/><\/a><\/div>\n<\/div>\n<div class=\"ob-section ob-section-text\" style=\"text-align: center;\">\n<div class=\"ob-text\">\n<p><strong><a href=\"http:\/\/costumes-urbains.com\/?p=114\" target=\"_blank\" rel=\"noopener\">Le shooting:<\/a><\/strong><\/p>\n<\/div>\n<\/div>\n<div class=\"ob-section ob-section-images ob-default\">\n<div class=\"ob-row-1-col\" style=\"text-align: center;\"><a class=\"ob-link-img\" href=\"http:\/\/costumes-urbains.com\/wp-content\/uploads\/2013\/11\/ob_18078f_ob-fc7bdc-1017251-587098537978794-896034754-n-jp.jpeg\"><img decoding=\"async\" class=\"ob-cell ob-img ob-media\" src=\"http:\/\/costumes-urbains.com\/wp-content\/uploads\/2013\/11\/ob_18078f_ob-fc7bdc-1017251-587098537978794-896034754-n-jp.jpeg\" alt=\"Robe once upon a time\" \/><\/a><\/div>\n<div class=\"ob-row-1-col\" style=\"text-align: center;\"><a class=\"ob-link-img\" href=\"http:\/\/costumes-urbains.com\/wp-content\/uploads\/2013\/11\/ob_20ef46_ob-be9260-943271-587098427978805-1475076539-n-jp.jpeg\"><img decoding=\"async\" class=\"ob-cell ob-img ob-media\" src=\"http:\/\/costumes-urbains.com\/wp-content\/uploads\/2013\/11\/ob_20ef46_ob-be9260-943271-587098427978805-1475076539-n-jp.jpeg\" alt=\"Robe once upon a time\" \/><\/a><\/div>\n<div class=\"ob-row-1-col\" style=\"text-align: center;\"><a class=\"ob-link-img\" href=\"http:\/\/costumes-urbains.com\/wp-content\/uploads\/2013\/11\/ob_a3f2b1_ob-46b718-1011162-587097944645520-1808734223-n-j.jpeg\"><img decoding=\"async\" class=\"ob-cell ob-img ob-media\" src=\"http:\/\/costumes-urbains.com\/wp-content\/uploads\/2013\/11\/ob_a3f2b1_ob-46b718-1011162-587097944645520-1808734223-n-j.jpeg\" alt=\"Robe once upon a time\" \/><\/a><\/div>\n<div class=\"ob-row-1-col\" style=\"text-align: center;\"><a class=\"ob-link-img\" href=\"http:\/\/costumes-urbains.com\/wp-content\/uploads\/2013\/11\/ob_8d364d_ob-904a95-1013863-587097787978869-283920962-n-jp.jpeg\"><img decoding=\"async\" class=\"ob-cell ob-img ob-media\" src=\"http:\/\/costumes-urbains.com\/wp-content\/uploads\/2013\/11\/ob_8d364d_ob-904a95-1013863-587097787978869-283920962-n-jp.jpeg\" alt=\"Robe once upon a time\" \/><\/a><\/div>\n<div class=\"ob-row-1-col\" style=\"text-align: center;\"><a class=\"ob-link-img\" href=\"http:\/\/costumes-urbains.com\/wp-content\/uploads\/2013\/11\/ob_4c4215_ob-023e7a-1000381-587101607978487-1293455184-n-j.jpeg\"><img decoding=\"async\" class=\"ob-cell ob-img ob-media\" src=\"http:\/\/costumes-urbains.com\/wp-content\/uploads\/2013\/11\/ob_4c4215_ob-023e7a-1000381-587101607978487-1293455184-n-j.jpeg\" alt=\"Robe once upon a time\" \/><\/a><\/div>\n<div class=\"ob-row-1-col\"><a class=\"ob-link-img\" href=\"http:\/\/costumes-urbains.com\/wp-content\/uploads\/2013\/11\/ob_1b14a3_ob-6446c5-946202-587098517978796-121267418-n-jpg.jpeg\"><img decoding=\"async\" class=\"ob-cell ob-img ob-media aligncenter\" src=\"http:\/\/costumes-urbains.com\/wp-content\/uploads\/2013\/11\/ob_1b14a3_ob-6446c5-946202-587098517978796-121267418-n-jpg.jpeg\" alt=\"Robe once upon a time\" \/><\/a><\/div>\n<\/div>\n","protected":false},"excerpt":{"rendered":"<p>Il faut cliquer sur les Titres pour acc\u00e9der aux fiches d\u00e9taillant toute la\u00a0 r\u00e9alisation\u00a0 (liens rapides) \u00e9tape par \u00e9tape du costume\u00a0 cette robe m&rsquo;a donn\u00e9 tant de soucis car elle est a \u00e9t\u00e9 r\u00e9alis\u00e9e en tissu synth\u00e9tique ( de poche \u00e0 douille pour cuisine). Elle a essuy\u00e9e toute sorte de controverses et de critiques \u00e0 [&hellip;]<\/p>\n","protected":false},"author":1,"featured_media":0,"parent":0,"menu_order":0,"comment_status":"open","ping_status":"closed","template":"","meta":{"jetpack_post_was_ever_published":false,"footnotes":""},"class_list":["post-462","page","type-page","status-publish","hentry"],"jetpack_sharing_enabled":true,"jetpack_likes_enabled":true,"_links":{"self":[{"href":"https:\/\/costumes-urbains.com\/index.php?rest_route=\/wp\/v2\/pages\/462","targetHints":{"allow":["GET"]}}],"collection":[{"href":"https:\/\/costumes-urbains.com\/index.php?rest_route=\/wp\/v2\/pages"}],"about":[{"href":"https:\/\/costumes-urbains.com\/index.php?rest_route=\/wp\/v2\/types\/page"}],"author":[{"embeddable":true,"href":"https:\/\/costumes-urbains.com\/index.php?rest_route=\/wp\/v2\/users\/1"}],"replies":[{"embeddable":true,"href":"https:\/\/costumes-urbains.com\/index.php?rest_route=%2Fwp%2Fv2%2Fcomments&post=462"}],"version-history":[{"count":5,"href":"https:\/\/costumes-urbains.com\/index.php?rest_route=\/wp\/v2\/pages\/462\/revisions"}],"predecessor-version":[{"id":6532,"href":"https:\/\/costumes-urbains.com\/index.php?rest_route=\/wp\/v2\/pages\/462\/revisions\/6532"}],"wp:attachment":[{"href":"https:\/\/costumes-urbains.com\/index.php?rest_route=%2Fwp%2Fv2%2Fmedia&parent=462"}],"curies":[{"name":"wp","href":"https:\/\/api.w.org\/{rel}","templated":true}]}}