{"id":463,"date":"2013-11-20T10:54:46","date_gmt":"2013-11-20T09:54:46","guid":{"rendered":"http:\/\/costumes-urbains.com\/?page_id=463"},"modified":"2018-12-19T12:01:50","modified_gmt":"2018-12-19T11:01:50","slug":"article-20-11-2013-3","status":"publish","type":"page","link":"https:\/\/costumes-urbains.com\/?page_id=463","title":{"rendered":"(juil 2013) La robe de la princesse Le\u00efa( star wars)"},"content":{"rendered":"<div class=\"ob-section ob-section-text\">\n<div class=\"ob-text\">\n<p style=\"text-align: center;\"><span style=\"text-decoration: underline;\"><em><strong><span style=\"font-size: 24pt;\">Il faut cliquer sur les Titres pour acc\u00e9der aux fiches d\u00e9taillant toute la\u00a0 r\u00e9alisation\u00a0 (liens rapides) \u00e9tape par \u00e9tape du costume\u00a0<\/span><\/strong><\/em><\/span><\/p>\n<p style=\"text-align: center;\"><strong>Ce petit projet fut tr\u00e8s sympathique et assez vite r\u00e9alis\u00e9. J&rsquo;ai pu devenir pendant quelques heures l&rsquo;h\u00e9ro\u00efne de mon enfance. En voici sa synth\u00e8se.<\/strong><\/p>\n<p style=\"text-align: center;\"><strong><a href=\"http:\/\/costumes-urbains.com\/?p=147\" target=\"_blank\" rel=\"noopener\">Le projet:<\/a><\/strong><\/p>\n<\/div>\n<\/div>\n<div class=\"ob-section ob-section-images ob-default\" style=\"text-align: center;\">\n<div class=\"ob-row-1-col\"><a class=\"ob-link-img\" href=\"http:\/\/costumes-urbains.com\/wp-content\/uploads\/2013\/11\/ob_d09167_ob-b801ca2e4f04d93beddb132d005171c8-41c1aa57-jpg.jpeg\"><img decoding=\"async\" class=\"ob-cell ob-img ob-media\" src=\"http:\/\/costumes-urbains.com\/wp-content\/uploads\/2013\/11\/ob_d09167_ob-b801ca2e4f04d93beddb132d005171c8-41c1aa57-jpg.jpeg\" alt=\"La robe de la princesse Le\u00efa( star wars)\" \/><\/a><\/div>\n<\/div>\n<div class=\"ob-section ob-section-text\" style=\"text-align: center;\">\n<div class=\"ob-text\">\n<p><strong><a href=\"http:\/\/costumes-urbains.com\/?p=146\" target=\"_blank\" rel=\"noopener\">La jupe<\/a><\/strong><\/p>\n<\/div>\n<\/div>\n<div class=\"ob-section ob-section-images ob-default\" style=\"text-align: center;\">\n<div class=\"ob-row-1-col\"><a class=\"ob-link-img\" href=\"http:\/\/costumes-urbains.com\/wp-content\/uploads\/2013\/11\/ob_7ad7f8_ob-cc0cab-295514-544750218880293-837177635-n-jpg.jpeg\"><img decoding=\"async\" class=\"ob-cell ob-img ob-media\" src=\"http:\/\/costumes-urbains.com\/wp-content\/uploads\/2013\/11\/ob_7ad7f8_ob-cc0cab-295514-544750218880293-837177635-n-jpg.jpeg\" alt=\"La robe de la princesse Le\u00efa( star wars)\" \/><\/a><\/div>\n<\/div>\n<div class=\"ob-section ob-section-text\" style=\"text-align: center;\">\n<div class=\"ob-text\">\n<p><strong><a href=\"http:\/\/costumes-urbains.com\/?p=119\" target=\"_blank\" rel=\"noopener\">Le corsage:<\/a><\/strong><\/p>\n<p><a href=\"http:\/\/costumes-urbains.com\/?p=145\" target=\"_blank\" rel=\"noopener\">Le corsage 2<\/a><\/p>\n<\/div>\n<\/div>\n<div class=\"ob-section ob-section-images ob-default\" style=\"text-align: center;\">\n<div class=\"ob-row-1-col\"><a class=\"ob-link-img\" href=\"http:\/\/costumes-urbains.com\/wp-content\/uploads\/2013\/11\/ob_035e51_ob-afa163-8771-547899891898659-1558592116-n-jpg-.jpeg\"><img decoding=\"async\" class=\"ob-cell ob-img ob-media\" src=\"http:\/\/costumes-urbains.com\/wp-content\/uploads\/2013\/11\/ob_035e51_ob-afa163-8771-547899891898659-1558592116-n-jpg-.jpeg\" alt=\"La robe de la princesse Le\u00efa( star wars)\" \/><\/a><\/div>\n<\/div>\n<div class=\"ob-section ob-section-text\" style=\"text-align: center;\">\n<div class=\"ob-text\">\n<p><strong><a href=\"http:\/\/costumes-urbains.com\/?p=118\" target=\"_blank\" rel=\"noopener\">Le serre taille:<\/a><\/strong><\/p>\n<\/div>\n<\/div>\n<div class=\"ob-section ob-section-images ob-default\" style=\"text-align: center;\">\n<div class=\"ob-row-1-col\"><a class=\"ob-link-img\" href=\"http:\/\/costumes-urbains.com\/wp-content\/uploads\/2013\/11\/ob_ce6fdb_ob-459ccc-40834-553451148010200-1545666401-n-jpg.jpeg\"><img decoding=\"async\" class=\"ob-cell ob-img ob-media\" src=\"http:\/\/costumes-urbains.com\/wp-content\/uploads\/2013\/11\/ob_ce6fdb_ob-459ccc-40834-553451148010200-1545666401-n-jpg.jpeg\" alt=\"La robe de la princesse Le\u00efa( star wars)\" \/><\/a><\/div>\n<div class=\"ob-row-1-col\"><\/div>\n<\/div>\n<div class=\"ob-section ob-section-text\" style=\"text-align: center;\">\n<div class=\"ob-text\">\n<p><strong><a href=\"http:\/\/costumes-urbains.com\/?p=117\" target=\"_blank\" rel=\"noopener\">La tenue finie:<\/a><\/strong><\/p>\n<\/div>\n<\/div>\n<div class=\"ob-section ob-section-images ob-default\" style=\"text-align: center;\">\n<div class=\"ob-row-1-col\"><a class=\"ob-link-img\" href=\"http:\/\/costumes-urbains.com\/wp-content\/uploads\/2013\/11\/ob_8f99fc_ob-2ac3e2-559016-557620967593218-292967968-n-jpg.jpeg\"><img decoding=\"async\" class=\"ob-cell ob-img ob-media\" src=\"http:\/\/costumes-urbains.com\/wp-content\/uploads\/2013\/11\/ob_8f99fc_ob-2ac3e2-559016-557620967593218-292967968-n-jpg.jpeg\" alt=\"La robe de la princesse Le\u00efa( star wars)\" \/><\/a><\/div>\n<div class=\"ob-row-1-col\"><a class=\"ob-link-img\" href=\"http:\/\/costumes-urbains.com\/wp-content\/uploads\/2013\/11\/ob_fabd6f_ob-5bd436-552876-557620974259884-8158115-n-jpg-j.jpeg\"><img decoding=\"async\" class=\"ob-cell ob-img ob-media\" src=\"http:\/\/costumes-urbains.com\/wp-content\/uploads\/2013\/11\/ob_fabd6f_ob-5bd436-552876-557620974259884-8158115-n-jpg-j.jpeg\" alt=\"La robe de la princesse Le\u00efa( star wars)\" \/><\/a><\/div>\n<div class=\"ob-row-1-col\"><a class=\"ob-link-img\" href=\"http:\/\/costumes-urbains.com\/wp-content\/uploads\/2013\/11\/ob_63b866_ob-f9b46d-525346-557621000926548-1667982236-n-jp.jpeg\"><img decoding=\"async\" class=\"ob-cell ob-img ob-media\" src=\"http:\/\/costumes-urbains.com\/wp-content\/uploads\/2013\/11\/ob_63b866_ob-f9b46d-525346-557621000926548-1667982236-n-jp.jpeg\" alt=\"La robe de la princesse Le\u00efa( star wars)\" \/><\/a><\/div>\n<\/div>\n<div class=\"ob-section ob-section-text\" style=\"text-align: center;\">\n<div class=\"ob-text\">\n<p><strong><a href=\"http:\/\/costumes-urbains.com\/?p=116\" target=\"_blank\" rel=\"noopener\">Le shooting:<\/a><\/strong><\/p>\n<\/div>\n<\/div>\n<div class=\"ob-section ob-section-images ob-default\">\n<div class=\"ob-row-1-col\" style=\"text-align: center;\"><a class=\"ob-link-img\" href=\"http:\/\/costumes-urbains.com\/wp-content\/uploads\/2013\/11\/ob_2486eb_ob-271bc6-21386-592114610810520-643784717-n-jpg-.jpeg\"><img decoding=\"async\" class=\"ob-cell ob-img ob-media\" src=\"http:\/\/costumes-urbains.com\/wp-content\/uploads\/2013\/11\/ob_2486eb_ob-271bc6-21386-592114610810520-643784717-n-jpg-.jpeg\" alt=\"La robe de la princesse Le\u00efa( star wars)\" \/><\/a><\/div>\n<div class=\"ob-row-1-col\" style=\"text-align: center;\"><a class=\"ob-link-img\" href=\"http:\/\/costumes-urbains.com\/wp-content\/uploads\/2013\/11\/ob_5ce1a0_ob-f952d3-156102-592115024143812-131853989-n-jpg.jpeg\"><img decoding=\"async\" class=\"ob-cell ob-img ob-media\" src=\"http:\/\/costumes-urbains.com\/wp-content\/uploads\/2013\/11\/ob_5ce1a0_ob-f952d3-156102-592115024143812-131853989-n-jpg.jpeg\" alt=\"La robe de la princesse Le\u00efa( star wars)\" \/><\/a><\/div>\n<div class=\"ob-row-1-col\" style=\"text-align: center;\"><a class=\"ob-link-img\" href=\"http:\/\/costumes-urbains.com\/wp-content\/uploads\/2013\/11\/ob_380104_ob-2eb839-970246-592115167477131-433843705-n-jpg.jpeg\"><img decoding=\"async\" class=\"ob-cell ob-img ob-media\" src=\"http:\/\/costumes-urbains.com\/wp-content\/uploads\/2013\/11\/ob_380104_ob-2eb839-970246-592115167477131-433843705-n-jpg.jpeg\" alt=\"La robe de la princesse Le\u00efa( star wars)\" \/><\/a><\/div>\n<div class=\"ob-row-1-col\" style=\"text-align: center;\"><a class=\"ob-link-img\" href=\"http:\/\/costumes-urbains.com\/wp-content\/uploads\/2013\/11\/ob_326b08_ob-f76d5f-995908-592115094143805-341479049-n-jpg.jpeg\"><img decoding=\"async\" class=\"ob-cell ob-img ob-media\" src=\"http:\/\/costumes-urbains.com\/wp-content\/uploads\/2013\/11\/ob_326b08_ob-f76d5f-995908-592115094143805-341479049-n-jpg.jpeg\" alt=\"La robe de la princesse Le\u00efa( star wars)\" \/><\/a><\/div>\n<div class=\"ob-row-1-col\"><a class=\"ob-link-img\" href=\"http:\/\/costumes-urbains.com\/wp-content\/uploads\/2013\/11\/ob_31dfd2_ob-476eb6-998168-592433240778657-668879291-n-jpg.jpeg\"><img decoding=\"async\" class=\"ob-cell ob-img ob-media aligncenter\" src=\"http:\/\/costumes-urbains.com\/wp-content\/uploads\/2013\/11\/ob_31dfd2_ob-476eb6-998168-592433240778657-668879291-n-jpg.jpeg\" alt=\"La robe de la princesse Le\u00efa( star wars)\" \/><\/a><\/div>\n<\/div>\n","protected":false},"excerpt":{"rendered":"<p>Il faut cliquer sur les Titres pour acc\u00e9der aux fiches d\u00e9taillant toute la\u00a0 r\u00e9alisation\u00a0 (liens rapides) \u00e9tape par \u00e9tape du costume\u00a0 Ce petit projet fut tr\u00e8s sympathique et assez vite r\u00e9alis\u00e9. J&rsquo;ai pu devenir pendant quelques heures l&rsquo;h\u00e9ro\u00efne de mon enfance. En voici sa synth\u00e8se. Le projet: La jupe Le corsage: Le corsage 2 Le [&hellip;]<\/p>\n","protected":false},"author":1,"featured_media":0,"parent":0,"menu_order":0,"comment_status":"open","ping_status":"closed","template":"","meta":{"jetpack_post_was_ever_published":false,"footnotes":""},"class_list":["post-463","page","type-page","status-publish","hentry"],"jetpack_sharing_enabled":true,"jetpack_likes_enabled":true,"_links":{"self":[{"href":"https:\/\/costumes-urbains.com\/index.php?rest_route=\/wp\/v2\/pages\/463","targetHints":{"allow":["GET"]}}],"collection":[{"href":"https:\/\/costumes-urbains.com\/index.php?rest_route=\/wp\/v2\/pages"}],"about":[{"href":"https:\/\/costumes-urbains.com\/index.php?rest_route=\/wp\/v2\/types\/page"}],"author":[{"embeddable":true,"href":"https:\/\/costumes-urbains.com\/index.php?rest_route=\/wp\/v2\/users\/1"}],"replies":[{"embeddable":true,"href":"https:\/\/costumes-urbains.com\/index.php?rest_route=%2Fwp%2Fv2%2Fcomments&post=463"}],"version-history":[{"count":5,"href":"https:\/\/costumes-urbains.com\/index.php?rest_route=\/wp\/v2\/pages\/463\/revisions"}],"predecessor-version":[{"id":6541,"href":"https:\/\/costumes-urbains.com\/index.php?rest_route=\/wp\/v2\/pages\/463\/revisions\/6541"}],"wp:attachment":[{"href":"https:\/\/costumes-urbains.com\/index.php?rest_route=%2Fwp%2Fv2%2Fmedia&parent=463"}],"curies":[{"name":"wp","href":"https:\/\/api.w.org\/{rel}","templated":true}]}}