{"id":464,"date":"2013-11-20T09:44:56","date_gmt":"2013-11-20T08:44:56","guid":{"rendered":"http:\/\/costumes-urbains.com\/?page_id=464"},"modified":"2018-12-19T12:01:28","modified_gmt":"2018-12-19T11:01:28","slug":"article-20-11-2013-2","status":"publish","type":"page","link":"https:\/\/costumes-urbains.com\/?page_id=464","title":{"rendered":"(juil 2013) Robe Anglaise retrouss\u00e9e \u00e0 la polonaise XVIIIE"},"content":{"rendered":"<div class=\"ob-section ob-section-html\">\n<p style=\"text-align: center;\"><span style=\"text-decoration: underline;\"><em><strong><span style=\"font-size: 24pt;\">Il faut cliquer sur les Titres pour acc\u00e9der aux fiches d\u00e9taillant toute la\u00a0 r\u00e9alisation\u00a0 (liens rapides) \u00e9tape par \u00e9tape du costume\u00a0<\/span><\/strong><\/em><\/span><\/p>\n<p style=\"text-align: center;\"><strong>Voici la synth\u00e8se de ce projet ^^ il a \u00e9t\u00e9 \u00e9dit\u00e9 sous forme de Tutorial :<\/strong><\/p>\n<p style=\"text-align: center;\">\n<\/div>\n<div class=\"ob-section ob-section-images ob-default\" style=\"text-align: center;\">\n<div class=\"ob-row-1-col\"><a class=\"ob-link-img\" href=\"http:\/\/costumes-urbains.com\/wp-content\/uploads\/2013\/11\/ob_4711dc_554937-602669543088360-202153567-n-jpg.jpeg\"><img decoding=\"async\" class=\"ob-cell ob-img ob-media\" src=\"http:\/\/costumes-urbains.com\/wp-content\/uploads\/2013\/11\/ob_4711dc_554937-602669543088360-202153567-n-jpg.jpeg\" alt=\"Robe Anglaise retrouss\u00e9e \u00e0 la polonaise XVIIIE\" \/><\/a><\/div>\n<\/div>\n<div class=\"ob-section ob-section-text\" style=\"text-align: center;\">\n<div class=\"ob-text\">\n<p><strong><a href=\"http:\/\/costumes-urbains.com\/?p=142\" target=\"_blank\" rel=\"noopener\">Pr\u00e9lude:<\/a><\/strong><\/p>\n<p><strong><a href=\"http:\/\/costumes-urbains.com\/?p=144\" target=\"_blank\" rel=\"noopener\">avant de commencer :<\/a><\/strong><\/p>\n<\/div>\n<\/div>\n<div class=\"ob-section ob-section-images ob-default\" style=\"text-align: center;\">\n<div class=\"ob-row-1-col\"><a class=\"ob-link-img\" href=\"http:\/\/costumes-urbains.com\/wp-content\/uploads\/2013\/11\/ob_2bafb0e47ccdcb15cf35464fa4f0cc73_pan-jpg.jpeg\"><img decoding=\"async\" class=\"ob-cell ob-img ob-media\" src=\"http:\/\/costumes-urbains.com\/wp-content\/uploads\/2013\/11\/ob_2bafb0e47ccdcb15cf35464fa4f0cc73_pan-jpg.jpeg\" alt=\"Robe Anglaise retrouss\u00e9e \u00e0 la polonaise XVIIIE\" \/><\/a><\/div>\n<\/div>\n<div class=\"ob-section ob-section-text\" style=\"text-align: center;\">\n<div class=\"ob-text\">\n<p><strong><a href=\"http:\/\/costumes-urbains.com\/?p=141\" target=\"_blank\" rel=\"noopener\">La jupe :<\/a><\/strong><\/p>\n<\/div>\n<\/div>\n<div class=\"ob-section ob-section-images ob-default\" style=\"text-align: center;\">\n<div class=\"ob-row-1-col\"><a class=\"ob-link-img\" href=\"http:\/\/costumes-urbains.com\/wp-content\/uploads\/2013\/11\/ob_8712aa_ob-6031927a841bd4f6e651195e5b9b014e-img-0476-jpg.jpeg\"><img decoding=\"async\" class=\"ob-cell ob-img ob-media\" src=\"http:\/\/costumes-urbains.com\/wp-content\/uploads\/2013\/11\/ob_8712aa_ob-6031927a841bd4f6e651195e5b9b014e-img-0476-jpg.jpeg\" alt=\"Robe Anglaise retrouss\u00e9e \u00e0 la polonaise XVIIIE\" \/><\/a><\/div>\n<\/div>\n<div class=\"ob-section ob-section-text\" style=\"text-align: center;\">\n<div class=\"ob-text\">\n<p><strong><a href=\"http:\/\/costumes-urbains.com\/?p=139\" target=\"_blank\" rel=\"noopener\">D\u00e9corations de la jupe <\/a><\/strong><\/p>\n<\/div>\n<\/div>\n<div class=\"ob-section ob-section-images ob-default\" style=\"text-align: center;\">\n<div class=\"ob-row-1-col\"><a class=\"ob-link-img\" href=\"http:\/\/costumes-urbains.com\/wp-content\/uploads\/2013\/11\/ob_4e836e_ob-98dffa9751951ae6844b69e420cd37b2-sans-titre-1.jpeg\"><img decoding=\"async\" class=\"ob-cell ob-img ob-media\" src=\"http:\/\/costumes-urbains.com\/wp-content\/uploads\/2013\/11\/ob_4e836e_ob-98dffa9751951ae6844b69e420cd37b2-sans-titre-1.jpeg\" alt=\"Robe Anglaise retrouss\u00e9e \u00e0 la polonaise XVIIIE\" \/><\/a><\/div>\n<\/div>\n<div class=\"ob-section ob-section-text\" style=\"text-align: center;\">\n<div class=\"ob-text\">\n<p><strong><a href=\"http:\/\/costumes-urbains.com\/?p=138\" target=\"_blank\" rel=\"noopener\">triplure:<\/a><\/strong><\/p>\n<\/div>\n<\/div>\n<div class=\"ob-section ob-section-images ob-default\" style=\"text-align: center;\">\n<div class=\"ob-row-1-col\"><a class=\"ob-link-img\" href=\"http:\/\/costumes-urbains.com\/wp-content\/uploads\/2013\/11\/ob_e631a6_ob-7fb7d54841d9c4da59de62886c0bb978-dec08-jpg.jpeg\"><img decoding=\"async\" class=\"ob-cell ob-img ob-media\" src=\"http:\/\/costumes-urbains.com\/wp-content\/uploads\/2013\/11\/ob_e631a6_ob-7fb7d54841d9c4da59de62886c0bb978-dec08-jpg.jpeg\" alt=\"Robe Anglaise retrouss\u00e9e \u00e0 la polonaise XVIIIE\" \/><\/a><\/div>\n<\/div>\n<div class=\"ob-section ob-section-text\" style=\"text-align: center;\">\n<div class=\"ob-text\">\n<p><strong><a href=\"http:\/\/costumes-urbains.com\/?p=137\" target=\"_blank\" rel=\"noopener\">Doublure:<\/a><\/strong><\/p>\n<\/div>\n<\/div>\n<div class=\"ob-section ob-section-images ob-default\" style=\"text-align: center;\">\n<div class=\"ob-row-1-col\"><a class=\"ob-link-img\" href=\"http:\/\/costumes-urbains.com\/wp-content\/uploads\/2013\/11\/ob_4f69bc_ob-440c5e500c62784024d9024de05e751a-dec09-jpg.jpeg\"><img decoding=\"async\" class=\"ob-cell ob-img ob-media\" src=\"http:\/\/costumes-urbains.com\/wp-content\/uploads\/2013\/11\/ob_4f69bc_ob-440c5e500c62784024d9024de05e751a-dec09-jpg.jpeg\" alt=\"Robe Anglaise retrouss\u00e9e \u00e0 la polonaise XVIIIE\" \/><\/a><\/div>\n<\/div>\n<div class=\"ob-section ob-section-text\" style=\"text-align: center;\">\n<div class=\"ob-text\">\n<p><strong><a href=\"http:\/\/costumes-urbains.com\/?p=136\" target=\"_blank\" rel=\"noopener\">Le montage du corsage<\/a><\/strong><\/p>\n<\/div>\n<\/div>\n<div class=\"ob-section ob-section-images ob-default\" style=\"text-align: center;\">\n<div class=\"ob-row-1-col\"><a class=\"ob-link-img\" href=\"http:\/\/costumes-urbains.com\/wp-content\/uploads\/2013\/11\/ob_71f6b5_ob-7e9d7ca082380ddf403e45f3e8e557fe-img-0544-jpg.jpeg\"><img decoding=\"async\" class=\"ob-cell ob-img ob-media\" src=\"http:\/\/costumes-urbains.com\/wp-content\/uploads\/2013\/11\/ob_71f6b5_ob-7e9d7ca082380ddf403e45f3e8e557fe-img-0544-jpg.jpeg\" alt=\"Robe Anglaise retrouss\u00e9e \u00e0 la polonaise XVIIIE\" \/><\/a><\/div>\n<\/div>\n<div class=\"ob-section ob-section-text\" style=\"text-align: center;\">\n<div class=\"ob-text\">\n<p><strong><a href=\"http:\/\/costumes-urbains.com\/?p=135\" target=\"_blank\" rel=\"noopener\">Le baleinage:<\/a><\/strong><\/p>\n<\/div>\n<\/div>\n<div class=\"ob-section ob-section-images ob-default\" style=\"text-align: center;\">\n<div class=\"ob-row-1-col\"><a class=\"ob-link-img\" href=\"http:\/\/costumes-urbains.com\/wp-content\/uploads\/2013\/11\/ob_7d601a_ob-cd8e3934233e0dda27d3168fd8709e89-e7-jpg.jpeg\"><img decoding=\"async\" class=\"ob-cell ob-img ob-media\" src=\"http:\/\/costumes-urbains.com\/wp-content\/uploads\/2013\/11\/ob_7d601a_ob-cd8e3934233e0dda27d3168fd8709e89-e7-jpg.jpeg\" alt=\"Robe Anglaise retrouss\u00e9e \u00e0 la polonaise XVIIIE\" \/><\/a><\/div>\n<\/div>\n<div class=\"ob-section ob-section-text\" style=\"text-align: center;\">\n<div class=\"ob-text\">\n<p><strong><a href=\"http:\/\/costumes-urbains.com\/?p=134\" target=\"_blank\" rel=\"noopener\">Les crochets:<\/a><\/strong><\/p>\n<\/div>\n<\/div>\n<div class=\"ob-section ob-section-images ob-default\" style=\"text-align: center;\">\n<div class=\"ob-row-1-col\"><a class=\"ob-link-img\" href=\"http:\/\/costumes-urbains.com\/wp-content\/uploads\/2013\/11\/ob_b2f4f9_ob-4352ab454d8f1032a716c3d1a092607f-img-0574-jpg.jpeg\"><img decoding=\"async\" class=\"ob-cell ob-img ob-media\" src=\"http:\/\/costumes-urbains.com\/wp-content\/uploads\/2013\/11\/ob_b2f4f9_ob-4352ab454d8f1032a716c3d1a092607f-img-0574-jpg.jpeg\" alt=\"Robe Anglaise retrouss\u00e9e \u00e0 la polonaise XVIIIE\" \/><\/a><\/div>\n<\/div>\n<div class=\"ob-section ob-section-text\" style=\"text-align: center;\">\n<div class=\"ob-text\">\n<p><strong>un bonus : r\u00e9aliser un chapeau XVIIIem anglais<\/strong><\/p>\n<p><strong><a class=\"popup\" href=\"http:\/\/couture-urbaine.over-blog.com\/tuto-r%C3%A9aliser-un-chapeau-xviiiem-anglais-1780\">http:\/\/www.couture-urbaine.com\/tuto-r%C3%A9aliser-un-chapeau-xviiiem-anglais-1780<\/a><\/strong><\/p>\n<\/div>\n<\/div>\n<div class=\"ob-section ob-section-images ob-default\" style=\"text-align: center;\">\n<div class=\"ob-row-1-col\"><a class=\"ob-link-img\" href=\"http:\/\/costumes-urbains.com\/wp-content\/uploads\/2013\/11\/ob_c419b5_ob-3c1fb31d2cd2905c7f339075c2a32368-ch.jpg\"><img decoding=\"async\" class=\"ob-cell ob-img ob-media\" src=\"http:\/\/costumes-urbains.com\/wp-content\/uploads\/2013\/11\/ob_c419b5_ob-3c1fb31d2cd2905c7f339075c2a32368-ch.jpg\" alt=\"Robe Anglaise retrouss\u00e9e \u00e0 la polonaise XVIIIE\" \/><\/a><\/div>\n<\/div>\n<div class=\"ob-section ob-section-text\" style=\"text-align: center;\">\n<div class=\"ob-text\">\n<p><strong><a href=\"http:\/\/costumes-urbains.com\/?p=133\" target=\"_blank\" rel=\"noopener\">partie 10: r\u00e9alisation des manches<\/a><\/strong><\/p>\n<\/div>\n<\/div>\n<div class=\"ob-section ob-section-images ob-default\" style=\"text-align: center;\">\n<div class=\"ob-row-1-col\"><a class=\"ob-link-img\" href=\"http:\/\/costumes-urbains.com\/wp-content\/uploads\/2013\/11\/ob_4bda8d_ob-4fb026-ob-b7ea749d57886318fed40e8ee.jpeg\"><img decoding=\"async\" class=\"ob-cell ob-img ob-media\" src=\"http:\/\/costumes-urbains.com\/wp-content\/uploads\/2013\/11\/ob_4bda8d_ob-4fb026-ob-b7ea749d57886318fed40e8ee.jpeg\" alt=\"Robe Anglaise retrouss\u00e9e \u00e0 la polonaise XVIIIE\" \/><\/a><\/div>\n<\/div>\n<div class=\"ob-section ob-section-text\" style=\"text-align: center;\">\n<div class=\"ob-text\">\n<p><strong><a href=\"http:\/\/costumes-urbains.com\/?p=132\" target=\"_blank\" rel=\"noopener\">partie 11: La tra\u00eene:<\/a><\/strong><\/p>\n<\/div>\n<\/div>\n<div class=\"ob-section ob-section-images ob-default\" style=\"text-align: center;\">\n<div class=\"ob-row-1-col\"><a class=\"ob-link-img\" href=\"http:\/\/costumes-urbains.com\/wp-content\/uploads\/2013\/11\/ob_3d4fa3_ob-1541071a52b07bf4ece6c4e286228dd2-de.jpg\"><img decoding=\"async\" class=\"ob-cell ob-img ob-media\" src=\"http:\/\/costumes-urbains.com\/wp-content\/uploads\/2013\/11\/ob_3d4fa3_ob-1541071a52b07bf4ece6c4e286228dd2-de.jpg\" alt=\"Robe Anglaise retrouss\u00e9e \u00e0 la polonaise XVIIIE\" \/><\/a><\/div>\n<\/div>\n<div class=\"ob-section ob-section-text\" style=\"text-align: center;\">\n<div class=\"ob-text\">\n<p><strong><a href=\"http:\/\/costumes-urbains.com\/?p=131\" target=\"_blank\" rel=\"noopener\">partie 12: les plis du dos:<\/a><\/strong><\/p>\n<\/div>\n<\/div>\n<div class=\"ob-section ob-section-images ob-default\" style=\"text-align: center;\">\n<div class=\"ob-row-1-col\"><a class=\"ob-link-img\" href=\"http:\/\/costumes-urbains.com\/wp-content\/uploads\/2013\/11\/ob_78eba1_ob-2d5d48ed67bd91ed817de0f29de21fb8-pl.jpg\"><img decoding=\"async\" class=\"ob-cell ob-img ob-media\" src=\"http:\/\/costumes-urbains.com\/wp-content\/uploads\/2013\/11\/ob_78eba1_ob-2d5d48ed67bd91ed817de0f29de21fb8-pl.jpg\" alt=\"Robe Anglaise retrouss\u00e9e \u00e0 la polonaise XVIIIE\" \/><\/a><\/div>\n<\/div>\n<div class=\"ob-section ob-section-text\" style=\"text-align: center;\">\n<div class=\"ob-text\">\n<p><strong><a href=\"http:\/\/costumes-urbains.com\/?p=130\" target=\"_blank\" rel=\"noopener\">partie 13:le montage des manches sur le corsage:<\/a><\/strong><\/p>\n<\/div>\n<\/div>\n<div class=\"ob-section ob-section-images ob-default\" style=\"text-align: center;\">\n<div class=\"ob-row-1-col\"><a class=\"ob-link-img\" href=\"http:\/\/costumes-urbains.com\/wp-content\/uploads\/2013\/11\/ob_e5b7dd_ob-485d12285a36be3a785df6d6056ea137-do.jpg\"><img decoding=\"async\" class=\"ob-cell ob-img ob-media\" src=\"http:\/\/costumes-urbains.com\/wp-content\/uploads\/2013\/11\/ob_e5b7dd_ob-485d12285a36be3a785df6d6056ea137-do.jpg\" alt=\"Robe Anglaise retrouss\u00e9e \u00e0 la polonaise XVIIIE\" \/><\/a><\/div>\n<\/div>\n<div class=\"ob-section ob-section-text\" style=\"text-align: center;\">\n<div class=\"ob-text\">\n<p><strong><a href=\"http:\/\/costumes-urbains.com\/?p=129\" target=\"_blank\" rel=\"noopener\">partie 14: le retrouss\u00e9:<\/a><\/strong><\/p>\n<\/div>\n<\/div>\n<div class=\"ob-section ob-section-images ob-default\" style=\"text-align: center;\">\n<div class=\"ob-row-1-col\"><a class=\"ob-link-img\" href=\"http:\/\/costumes-urbains.com\/wp-content\/uploads\/2013\/11\/ob_2546ee_ob-a75d20f0d429fcb2b6558fd872018abd-re.jpg\"><img decoding=\"async\" class=\"ob-cell ob-img ob-media\" src=\"http:\/\/costumes-urbains.com\/wp-content\/uploads\/2013\/11\/ob_2546ee_ob-a75d20f0d429fcb2b6558fd872018abd-re.jpg\" alt=\"Robe Anglaise retrouss\u00e9e \u00e0 la polonaise XVIIIE\" \/><\/a><\/div>\n<\/div>\n<div class=\"ob-section ob-section-text\" style=\"text-align: center;\">\n<div class=\"ob-text\">\n<p><strong>La galerie pinterest:<\/strong><\/p>\n<p><strong><a class=\"popup\" href=\"http:\/\/www.pinterest.com\/fubukimorisan\/robe-anglaise-retrouss%C3%A9e-%C3%A0-la-polonaise-18eme\/\">http:\/\/www.pinterest.com\/fubukimorisan\/robe-anglaise-retrouss%C3%A9e-%C3%A0-la-polonaise-18eme\/<\/a><\/strong><\/p>\n<p><strong><a href=\"http:\/\/costumes-urbains.com\/?p=128\" target=\"_blank\" rel=\"noopener\">Le robe une fois termin\u00e9e:<\/a><\/strong><\/p>\n<\/div>\n<\/div>\n<div class=\"ob-section ob-section-images ob-default\" style=\"text-align: center;\">\n<div class=\"ob-row-1-col\"><a class=\"ob-link-img\" href=\"http:\/\/costumes-urbains.com\/wp-content\/uploads\/2013\/11\/ob_1e2693_554937-602669543088360-202153567-n-jpg.jpeg\"><img decoding=\"async\" class=\"ob-cell ob-img ob-media\" src=\"http:\/\/costumes-urbains.com\/wp-content\/uploads\/2013\/11\/ob_1e2693_554937-602669543088360-202153567-n-jpg.jpeg\" alt=\"Robe Anglaise retrouss\u00e9e \u00e0 la polonaise XVIIIE\" \/><\/a><\/div>\n<div class=\"ob-row-1-col\"><a class=\"ob-link-img\" href=\"http:\/\/costumes-urbains.com\/wp-content\/uploads\/2013\/11\/ob_0087eb_62444-602350976453550-210116757-n-jpg.jpeg\"><img decoding=\"async\" class=\"ob-cell ob-img ob-media\" src=\"http:\/\/costumes-urbains.com\/wp-content\/uploads\/2013\/11\/ob_0087eb_62444-602350976453550-210116757-n-jpg.jpeg\" alt=\"Robe Anglaise retrouss\u00e9e \u00e0 la polonaise XVIIIE\" \/><\/a><\/div>\n<div class=\"ob-row-1-col\"><a class=\"ob-link-img\" href=\"http:\/\/costumes-urbains.com\/wp-content\/uploads\/2013\/11\/ob_96e97a_998778-602669536421694-866268082-n-jpg.jpeg\"><img decoding=\"async\" class=\"ob-cell ob-img ob-media\" src=\"http:\/\/costumes-urbains.com\/wp-content\/uploads\/2013\/11\/ob_96e97a_998778-602669536421694-866268082-n-jpg.jpeg\" alt=\"Robe Anglaise retrouss\u00e9e \u00e0 la polonaise XVIIIE\" \/><\/a><\/div>\n<div class=\"ob-row-1-col\"><a class=\"ob-link-img\" href=\"http:\/\/costumes-urbains.com\/wp-content\/uploads\/2013\/11\/ob_6dbc3f_733829-603065699715411-2126799275-n-jpg.jpeg\"><img decoding=\"async\" class=\"ob-cell ob-img ob-media\" src=\"http:\/\/costumes-urbains.com\/wp-content\/uploads\/2013\/11\/ob_6dbc3f_733829-603065699715411-2126799275-n-jpg.jpeg\" alt=\"Robe Anglaise retrouss\u00e9e \u00e0 la polonaise XVIIIE\" \/><\/a><\/div>\n<div class=\"ob-row-1-col\"><a class=\"ob-link-img\" href=\"http:\/\/costumes-urbains.com\/wp-content\/uploads\/2013\/11\/ob_a85d61_998775-602670493088265-1922613353-n-jpg.jpeg\"><img decoding=\"async\" class=\"ob-cell ob-img ob-media\" src=\"http:\/\/costumes-urbains.com\/wp-content\/uploads\/2013\/11\/ob_a85d61_998775-602670493088265-1922613353-n-jpg.jpeg\" alt=\"Robe Anglaise retrouss\u00e9e \u00e0 la polonaise XVIIIE\" \/><\/a><\/div>\n<div class=\"ob-row-1-col\"><a href=\"http:\/\/costumes-urbains.com\/?p=54\">Le shooting<\/a><\/div>\n<\/div>\n<div class=\"ob-section ob-section-images ob-default\">\n<div class=\"ob-row-1-col\" style=\"text-align: center;\"><a class=\"ob-link-img\" href=\"http:\/\/costumes-urbains.com\/wp-content\/uploads\/2013\/11\/ob_1eea66_an10.jpg\"><img decoding=\"async\" class=\"ob-cell ob-img ob-media\" src=\"http:\/\/costumes-urbains.com\/wp-content\/uploads\/2013\/11\/ob_1eea66_an10.jpg\" alt=\"Robe Anglaise retrouss\u00e9e \u00e0 la polonaise XVIIIE\" \/><\/a><\/div>\n<div class=\"ob-row-1-col\" style=\"text-align: center;\"><a class=\"ob-link-img\" href=\"http:\/\/costumes-urbains.com\/wp-content\/uploads\/2013\/11\/ob_9fc030_an00.jpg\"><img decoding=\"async\" class=\"ob-cell ob-img ob-media\" src=\"http:\/\/costumes-urbains.com\/wp-content\/uploads\/2013\/11\/ob_9fc030_an00.jpg\" alt=\"Robe Anglaise retrouss\u00e9e \u00e0 la polonaise XVIIIE\" \/><\/a><\/div>\n<div class=\"ob-row-1-col\" style=\"text-align: center;\"><a class=\"ob-link-img\" href=\"http:\/\/costumes-urbains.com\/wp-content\/uploads\/2013\/11\/ob_c72c69_an04.jpg\"><img decoding=\"async\" class=\"ob-cell ob-img ob-media\" src=\"http:\/\/costumes-urbains.com\/wp-content\/uploads\/2013\/11\/ob_c72c69_an04.jpg\" alt=\"Robe Anglaise retrouss\u00e9e \u00e0 la polonaise XVIIIE\" \/><\/a><\/div>\n<div class=\"ob-row-1-col\"><a class=\"ob-link-img\" href=\"http:\/\/costumes-urbains.com\/wp-content\/uploads\/2013\/11\/ob_c21ccf_an06.jpg\"><img decoding=\"async\" class=\"ob-cell ob-img ob-media aligncenter\" src=\"http:\/\/costumes-urbains.com\/wp-content\/uploads\/2013\/11\/ob_c21ccf_an06.jpg\" alt=\"Robe Anglaise retrouss\u00e9e \u00e0 la polonaise XVIIIE\" \/><\/a><\/div>\n<\/div>\n","protected":false},"excerpt":{"rendered":"<p>Il faut cliquer sur les Titres pour acc\u00e9der aux fiches d\u00e9taillant toute la\u00a0 r\u00e9alisation\u00a0 (liens rapides) \u00e9tape par \u00e9tape du costume\u00a0 Voici la synth\u00e8se de ce projet ^^ il a \u00e9t\u00e9 \u00e9dit\u00e9 sous forme de Tutorial : Pr\u00e9lude: avant de commencer : La jupe : D\u00e9corations de la jupe triplure: Doublure: Le montage du corsage [&hellip;]<\/p>\n","protected":false},"author":1,"featured_media":0,"parent":0,"menu_order":0,"comment_status":"open","ping_status":"closed","template":"","meta":{"jetpack_post_was_ever_published":false,"footnotes":""},"class_list":["post-464","page","type-page","status-publish","hentry"],"jetpack_sharing_enabled":true,"jetpack_likes_enabled":true,"_links":{"self":[{"href":"https:\/\/costumes-urbains.com\/index.php?rest_route=\/wp\/v2\/pages\/464","targetHints":{"allow":["GET"]}}],"collection":[{"href":"https:\/\/costumes-urbains.com\/index.php?rest_route=\/wp\/v2\/pages"}],"about":[{"href":"https:\/\/costumes-urbains.com\/index.php?rest_route=\/wp\/v2\/types\/page"}],"author":[{"embeddable":true,"href":"https:\/\/costumes-urbains.com\/index.php?rest_route=\/wp\/v2\/users\/1"}],"replies":[{"embeddable":true,"href":"https:\/\/costumes-urbains.com\/index.php?rest_route=%2Fwp%2Fv2%2Fcomments&post=464"}],"version-history":[{"count":6,"href":"https:\/\/costumes-urbains.com\/index.php?rest_route=\/wp\/v2\/pages\/464\/revisions"}],"predecessor-version":[{"id":6540,"href":"https:\/\/costumes-urbains.com\/index.php?rest_route=\/wp\/v2\/pages\/464\/revisions\/6540"}],"wp:attachment":[{"href":"https:\/\/costumes-urbains.com\/index.php?rest_route=%2Fwp%2Fv2%2Fmedia&parent=464"}],"curies":[{"name":"wp","href":"https:\/\/api.w.org\/{rel}","templated":true}]}}