{"id":465,"date":"2013-11-16T14:28:14","date_gmt":"2013-11-16T13:28:14","guid":{"rendered":"http:\/\/costumes-urbains.com\/?page_id=465"},"modified":"2018-12-19T12:07:37","modified_gmt":"2018-12-19T11:07:37","slug":"article-16-11-2013","status":"publish","type":"page","link":"https:\/\/costumes-urbains.com\/?page_id=465","title":{"rendered":"( sept 2013)Robe fran\u00e7aise polonaise retrouss\u00e9e 1780"},"content":{"rendered":"<div class=\"ob-section ob-section-text\">\n<div class=\"ob-text\">\n<p style=\"text-align: center;\"><span style=\"text-decoration: underline;\"><em><strong><span style=\"font-size: 24pt;\">Il faut cliquer sur les Titres pour acc\u00e9der aux fiches d\u00e9taillant toute la\u00a0 r\u00e9alisation\u00a0 (liens rapides) \u00e9tape par \u00e9tape du costume\u00a0<\/span><\/strong><\/em><\/span><\/p>\n<p style=\"text-align: center;\"><strong>Pour aller plus vite ^^ ici les liens relatifs \u00e0 ce projet ^^<\/strong><\/p>\n<p style=\"text-align: center;\"><strong><a href=\"http:\/\/costumes-urbains.com\/?p=126\" target=\"_blank\" rel=\"noopener\">Le patron:<\/a><\/strong><\/p>\n<\/div>\n<\/div>\n<div class=\"ob-section ob-section-images ob-default\" style=\"text-align: center;\">\n<div class=\"ob-row-1-col\"><a class=\"ob-link-img\" href=\"http:\/\/costumes-urbains.com\/wp-content\/uploads\/2013\/11\/ob_a0b06b_ob-8e50a9-15052-597860543569260-736212217-n-jpg-.jpeg\"><img decoding=\"async\" class=\"ob-cell ob-img ob-media\" src=\"http:\/\/costumes-urbains.com\/wp-content\/uploads\/2013\/11\/ob_a0b06b_ob-8e50a9-15052-597860543569260-736212217-n-jpg-.jpeg\" alt=\"Robe fran\u00e7aise polonaise retrouss\u00e9e 1780(en cours)\" \/><\/a><\/div>\n<\/div>\n<div class=\"ob-section ob-section-text\" style=\"text-align: center;\">\n<div class=\"ob-text\">\n<p><strong><a href=\"http:\/\/costumes-urbains.com\/?p=125\" target=\"_blank\" rel=\"noopener\">Le montage de la robe<\/a><\/strong><\/p>\n<\/div>\n<\/div>\n<div class=\"ob-section ob-section-images ob-default\" style=\"text-align: center;\">\n<div class=\"ob-row-1-col\"><a class=\"ob-link-img\" href=\"http:\/\/costumes-urbains.com\/wp-content\/uploads\/2013\/11\/ob_5142ec_ob-daca06-1170855-605403929481588-54014021-n-jpg.jpeg\"><img decoding=\"async\" class=\"ob-cell ob-img ob-media\" src=\"http:\/\/costumes-urbains.com\/wp-content\/uploads\/2013\/11\/ob_5142ec_ob-daca06-1170855-605403929481588-54014021-n-jpg.jpeg\" alt=\"Robe fran\u00e7aise polonaise retrouss\u00e9e 1780(en cours)\" \/><\/a><\/div>\n<\/div>\n<div class=\"ob-section ob-section-text\" style=\"text-align: center;\">\n<div class=\"ob-text\">\n<p><strong>La d\u00e9coration<\/strong><\/p>\n<p><strong> <a href=\"http:\/\/costumes-urbains.com\/?p=124\" target=\"_blank\" rel=\"noopener\">partie 1 <\/a><br \/>\n<\/strong><\/p>\n<p><strong><a href=\"http:\/\/costumes-urbains.com\/?p=121\" target=\"_blank\" rel=\"noopener\">partie 2<\/a><\/strong><\/p>\n<\/div>\n<\/div>\n<div class=\"ob-section ob-section-images ob-default\" style=\"text-align: center;\">\n<div class=\"ob-row-1-col\"><a class=\"ob-link-img\" href=\"http:\/\/costumes-urbains.com\/wp-content\/uploads\/2013\/11\/ob_141620_ob-3a1279-1173827-613656461989668-1827903289-n-j.jpeg\"><img decoding=\"async\" class=\"ob-cell ob-img ob-media\" src=\"http:\/\/costumes-urbains.com\/wp-content\/uploads\/2013\/11\/ob_141620_ob-3a1279-1173827-613656461989668-1827903289-n-j.jpeg\" alt=\"Robe fran\u00e7aise polonaise retrouss\u00e9e 1780(en cours)\" \/><\/a><\/div>\n<div class=\"ob-row-1-col\"><a class=\"ob-link-img\" href=\"http:\/\/costumes-urbains.com\/wp-content\/uploads\/2013\/11\/ob_37a8d4_ob-e0492c160196cccc9a498398ec2a985a-img-1134-jpg.jpeg\"><img decoding=\"async\" class=\"ob-cell ob-img ob-media\" src=\"http:\/\/costumes-urbains.com\/wp-content\/uploads\/2013\/11\/ob_37a8d4_ob-e0492c160196cccc9a498398ec2a985a-img-1134-jpg.jpeg\" alt=\"Robe fran\u00e7aise polonaise retrouss\u00e9e 1780(en cours)\" \/><\/a><\/div>\n<\/div>\n<div class=\"ob-section ob-section-text\" style=\"text-align: center;\">\n<div class=\"ob-text\">\n<p><strong><a href=\"http:\/\/costumes-urbains.com\/?p=122\" target=\"_blank\" rel=\"noopener\">L&rsquo;int\u00e9rieur de la robe<\/a><\/strong><\/p>\n<\/div>\n<\/div>\n<div class=\"ob-section ob-section-images ob-default\" style=\"text-align: center;\">\n<div class=\"ob-row-1-col\"><a class=\"ob-link-img\" href=\"http:\/\/costumes-urbains.com\/wp-content\/uploads\/2013\/11\/ob_bd8688_ob-31de0916c069a53df08b15c9e847cffb-img-0883-jpg.jpeg\"><img decoding=\"async\" class=\"ob-cell ob-img ob-media\" src=\"http:\/\/costumes-urbains.com\/wp-content\/uploads\/2013\/11\/ob_bd8688_ob-31de0916c069a53df08b15c9e847cffb-img-0883-jpg.jpeg\" alt=\"Robe fran\u00e7aise polonaise retrouss\u00e9e 1780(en cours)\" \/><\/a><\/div>\n<\/div>\n<div class=\"ob-section ob-section-text\" style=\"text-align: center;\">\n<div class=\"ob-text\">\n<p><strong><a href=\"http:\/\/costumes-urbains.com\/?p=115\" target=\"_blank\" rel=\"noopener\">Le retrouss\u00e9<\/a><\/strong><\/p>\n<\/div>\n<\/div>\n<div class=\"ob-section ob-section-images ob-default\" style=\"text-align: center;\">\n<div class=\"ob-row-1-col\"><a class=\"ob-link-img\" href=\"http:\/\/costumes-urbains.com\/wp-content\/uploads\/2013\/11\/ob_001976_ob-823581-1175488-612642008757780-1469379681-n-j.jpeg\"><img decoding=\"async\" class=\"ob-cell ob-img ob-media\" src=\"http:\/\/costumes-urbains.com\/wp-content\/uploads\/2013\/11\/ob_001976_ob-823581-1175488-612642008757780-1469379681-n-j.jpeg\" alt=\"Robe fran\u00e7aise polonaise retrouss\u00e9e 1780(en cours)\" \/><\/a><\/div>\n<\/div>\n<div class=\"ob-section ob-section-text\" style=\"text-align: center;\">\n<div class=\"ob-text\">\n<p><strong>La galerie pinterest:<\/strong><\/p>\n<p><strong><a class=\"popup\" href=\"http:\/\/www.pinterest.com\/fubukimorisan\/robe-polonaise-fran%C3%A7aise-18em\/\">http:\/\/www.pinterest.com\/fubukimorisan\/robe-polonaise-fran%C3%A7aise-18em\/<\/a><\/strong><\/p>\n<p><strong><a href=\"http:\/\/costumes-urbains.com\/?p=54\">Les shootings:<\/a><\/strong><\/p>\n<\/div>\n<\/div>\n<div class=\"ob-section ob-section-images ob-default\">\n<div class=\"ob-row-1-col\" style=\"text-align: center;\"><a class=\"ob-link-img\" href=\"http:\/\/costumes-urbains.com\/wp-content\/uploads\/2013\/11\/ob_ecceb7_plo07.jpg\"><img decoding=\"async\" class=\"ob-cell ob-img ob-media\" src=\"http:\/\/costumes-urbains.com\/wp-content\/uploads\/2013\/11\/ob_ecceb7_plo07.jpg\" alt=\"Robe fran\u00e7aise polonaise retrouss\u00e9e 1780(en cours)\" \/><\/a><\/div>\n<div class=\"ob-row-1-col\" style=\"text-align: center;\"><a class=\"ob-link-img\" href=\"http:\/\/costumes-urbains.com\/wp-content\/uploads\/2013\/11\/ob_295813_polo04.jpg\"><img decoding=\"async\" class=\"ob-cell ob-img ob-media\" src=\"http:\/\/costumes-urbains.com\/wp-content\/uploads\/2013\/11\/ob_295813_polo04.jpg\" alt=\"Robe fran\u00e7aise polonaise retrouss\u00e9e 1780(en cours)\" \/><\/a><\/div>\n<div class=\"ob-row-1-col\" style=\"text-align: center;\"><a class=\"ob-link-img\" href=\"http:\/\/costumes-urbains.com\/wp-content\/uploads\/2013\/11\/ob_1da583_polo05.jpg\"><img decoding=\"async\" class=\"ob-cell ob-img ob-media\" src=\"http:\/\/costumes-urbains.com\/wp-content\/uploads\/2013\/11\/ob_1da583_polo05.jpg\" alt=\"Robe fran\u00e7aise polonaise retrouss\u00e9e 1780(en cours)\" \/><\/a><\/div>\n<div class=\"ob-row-1-col\"><a class=\"ob-link-img\" href=\"http:\/\/costumes-urbains.com\/wp-content\/uploads\/2013\/11\/ob_f58ed4_face.jpg\"><img decoding=\"async\" class=\"ob-cell ob-img ob-media aligncenter\" src=\"http:\/\/costumes-urbains.com\/wp-content\/uploads\/2013\/11\/ob_f58ed4_face.jpg\" alt=\"Robe fran\u00e7aise polonaise retrouss\u00e9e 1780(en cours)\" \/><\/a><\/div>\n<\/div>\n","protected":false},"excerpt":{"rendered":"<p>Il faut cliquer sur les Titres pour acc\u00e9der aux fiches d\u00e9taillant toute la\u00a0 r\u00e9alisation\u00a0 (liens rapides) \u00e9tape par \u00e9tape du costume\u00a0 Pour aller plus vite ^^ ici les liens relatifs \u00e0 ce projet ^^ Le patron: Le montage de la robe La d\u00e9coration partie 1 partie 2 L&rsquo;int\u00e9rieur de la robe Le retrouss\u00e9 La galerie [&hellip;]<\/p>\n","protected":false},"author":1,"featured_media":0,"parent":0,"menu_order":0,"comment_status":"open","ping_status":"closed","template":"","meta":{"jetpack_post_was_ever_published":false,"footnotes":""},"class_list":["post-465","page","type-page","status-publish","hentry"],"jetpack_sharing_enabled":true,"jetpack_likes_enabled":true,"_links":{"self":[{"href":"https:\/\/costumes-urbains.com\/index.php?rest_route=\/wp\/v2\/pages\/465","targetHints":{"allow":["GET"]}}],"collection":[{"href":"https:\/\/costumes-urbains.com\/index.php?rest_route=\/wp\/v2\/pages"}],"about":[{"href":"https:\/\/costumes-urbains.com\/index.php?rest_route=\/wp\/v2\/types\/page"}],"author":[{"embeddable":true,"href":"https:\/\/costumes-urbains.com\/index.php?rest_route=\/wp\/v2\/users\/1"}],"replies":[{"embeddable":true,"href":"https:\/\/costumes-urbains.com\/index.php?rest_route=%2Fwp%2Fv2%2Fcomments&post=465"}],"version-history":[{"count":7,"href":"https:\/\/costumes-urbains.com\/index.php?rest_route=\/wp\/v2\/pages\/465\/revisions"}],"predecessor-version":[{"id":6559,"href":"https:\/\/costumes-urbains.com\/index.php?rest_route=\/wp\/v2\/pages\/465\/revisions\/6559"}],"wp:attachment":[{"href":"https:\/\/costumes-urbains.com\/index.php?rest_route=%2Fwp%2Fv2%2Fmedia&parent=465"}],"curies":[{"name":"wp","href":"https:\/\/api.w.org\/{rel}","templated":true}]}}