{"id":492,"date":"2015-07-24T14:11:20","date_gmt":"2015-07-24T12:11:20","guid":{"rendered":"http:\/\/costumes-urbains.com\/?page_id=492"},"modified":"2015-08-12T09:06:34","modified_gmt":"2015-08-12T07:06:34","slug":"presentation","status":"publish","type":"page","link":"https:\/\/costumes-urbains.com\/?page_id=492","title":{"rendered":"Pr\u00e9sentation"},"content":{"rendered":"<p><em><strong>Bienvenue sur mon blog. Ici c&rsquo;est mon journal intime\u00a0 \u00ab\u00a0couturesque\u00a0\u00bb. Je couche sur la toile\u00a0 toutes mes aventures, les bonnes comme les mauvaises sur la\u00a0 construction (r\u00e9alisation) de mes projets en couture.<\/strong><\/em><\/p>\n<p><em><strong>\u00a0Je pratique la couture intensivement depuis 2009.\u00a0 C&rsquo;est de l&rsquo;ordre de 2 \u00e0 8h\u00a0 par jours suivant l&rsquo;\u00e9nergie, le temps, la motivation et le projet. Je suis autodidacte, je n&rsquo;ai aucun dipl\u00f4me. Je suis juste tr\u00e8s curieuse, je surf et je lis beaucoup. Je me forme au fil de mes exp\u00e9riences et de ce que je vois sur le net et de mes rencontres. Je me nourris des autres et en cela le net est une grande chance pour moi. Je n&rsquo;ai jamais pris un seul cours de couture. Il ya un an et demis lorsque j&rsquo;ai commenc\u00e9 la couture, je ne savais m\u00eame pas repriser un trou.<\/strong><\/em><br \/>\n<em><strong>Je me suis lanc\u00e9 ce d\u00e9fis, car j&rsquo;aime avoir un but en me levant le matin. En parall\u00e8le, j&rsquo;\u00e9l\u00e8ve mes enfants et Je suis\u00a0 ATSEM.<\/strong><\/em><br \/>\n<em><strong>\u00a0<\/strong><\/em><br \/>\n<em><strong>J&rsquo;ai entendu parfois des gens me dire que chez moi cela devait \u00eatre le bordel parce que sinon comment expliquer que je puisse faire autant de chose en une journ\u00e9e ?<\/strong><\/em><\/p>\n<p><em><strong>j&rsquo;ai de la rigueur et en g\u00e9n\u00e9ral, je suis assez organis\u00e9e. J&rsquo;optimise pour avoir un peu de temps pour tout. Je dors peu, et quand j&rsquo;ai du mal \u00e0 dormir , je r\u00e9fl\u00e9chis \u00e0 comment mettre en place mon projet, comme cela il ne me reste que la r\u00e9alisation de celui ci.\u00a0 Sans la cr\u00e9ation je me sens vide et d\u00e9nu\u00e9e de sens. Non pas que je sois malheureuse dans ma vie, loin de l\u00e0, mais de si loin que je m&rsquo;en souvienne, j&rsquo;ai toujours v\u00e9cu dans ma t\u00eate dans un monde parall\u00e8le perdu au confins de mon imagination. La couture c&rsquo;est le concr\u00e9tiser. <\/strong><\/em><\/p>\n<p><em><strong>Ma premi\u00e8re vocation c&rsquo;est la peinture, j&rsquo;ai une formation artistique et quand je coud c&rsquo;est comme quand je peins, je peux marier les couleurs et laisser libre cours \u00e0 ma cr\u00e9ativit\u00e9.<\/strong><\/em><br \/>\n<em><strong>Depuis l&rsquo;arriv\u00e9e de mon second, je ne pouvais plus peindre, car\u00a0 le coquin touchait \u00e0 tout, impossible de\u00a0 laisser s\u00e9cher une toile. La couture et un tr\u00e8s bon compromis. Une source in\u00e9puisable de connaissance\u00a0 \u00e0 apprendre pour un peu que l&rsquo;on soit curieux.<\/strong><\/em><br \/>\n<em><strong>je ne pratique pas la couture de fa\u00e7on industrielle ou\u00a0 pratique. Je r\u00e9alise des corsets et des robes de princesses.<\/strong><\/em><\/p>\n<p><em><strong>deux raisons \u00e0 cela:<\/strong><\/em><\/p>\n<p><em><strong>-j&rsquo;apprend bien plus (techniquement et culturellement) en r\u00e9alisant une robe de ce type qu&rsquo;en cousant une tunique ou un pantalon.<\/strong><\/em><\/p>\n<p><em><strong>-et puis je peux porter mes r\u00e9alisations le temps d&rsquo;un shooting et me transformer en qui je veux pour quelques heures.<\/strong><\/em><\/p>\n<p><em><strong>cela \u00e0 un co\u00fbt , c&rsquo;est vrai, mais je ne fume pas, bois pas, sors tr\u00e8s peu, je ne vais chez le coiffeur et je suis fan du do It yourself. toutes ces \u00e9conomies je m&rsquo;en sers pour l&rsquo;achat de mon mat\u00e9riel.\u00a0 je chine \u00e9norm\u00e9ment surtout au march\u00e9 et je d\u00e9tourne souvent toutes sortes de mat\u00e9riaux.<\/strong><\/em><\/p>\n<p><em><strong>Je suis\u00a0 3 grand principes:1) je finis toujours ce que je commence2) je n&rsquo;abandonne jamais un projet en cours avant qu&rsquo;il ne soit fini, m\u00eame si celui ci me para\u00eet bancale (on apprend de ses erreurs, on peut toujours rattraper et puis souvent le rendu final est diff\u00e9rent une fois fini)3) tout ce qui est difficile n&rsquo;est pas impossible, c&rsquo;est ma devise et si quelqu&rsquo;un la fait je peux\u00a0 le faire.un seul trait de caract\u00e8re me d\u00e9fini assez bien : je suis perfectionniste \u00e0 la limite de la maniaquerie angoissante lol\u00a0 Je vais \u00e0 la recherche du d\u00e9tail, de l&rsquo;infime qui fait tout.<\/strong><\/em><\/p>\n<p><em><strong>Certains articles\u00a0 ont \u00e9t\u00e9 mod\u00e9r\u00e9 (partiellement tronqu\u00e9)\u00a0 pour des raisons personnelles(et d&rsquo;autre s\u00fbrement le seront dans le futur) . Il est quand m\u00eame\u00a0 possible d&rsquo;y acc\u00e9der en\u00a0 m&rsquo;envoyant un mail : <a href=\"mailto:Fubukimorisan@hotmail.fr\">Fubukimorisan@hotmail.fr<\/a><\/strong><\/em><\/p>\n<p><em><strong>Vous pouvez \u00e9galement me joindre\u00a0 via ce mail afin de me poser des questions: Mais attention je ne r\u00e9pond jamais imm\u00e9diatement, il y a un temps d&rsquo;attente de\u00a0 1 \u00e0 5 semaines (je r\u00e9pond en fait \u00e0 mes mails lorsque j&rsquo;ai\u00a0 du temps, quand je suis en vacances et je traite tous les mails en m\u00eame temps). <\/strong><\/em><\/p>\n<p><em><strong>Le blog n&rsquo;est pas en temps r\u00e9el, les articles sont \u00e9dit\u00e9s avec\u00a0 15 \u00e0 30 jours de d\u00e9calage par rapport au projet , si vous voulez me suivre en temps r\u00e9elle il faut aller sur ma page Facebook (lien disponible en haut \u00e0 droite). <\/strong><\/em><\/p>\n<p><em><strong>Je me r\u00e9serve le droit de ne pas publier certains commentaires (ceux qui n&rsquo;apporte rien aux blog)<\/strong><\/em><\/p>\n<p><em><strong>je pense avoir r\u00e9pondu \u00e0 la majorit\u00e9s des questions que d&rsquo;autres se posent sur moi. Pour le reste je garde mes secrets et mon myst\u00e8re &#8230;<\/strong><\/em><\/p>\n","protected":false},"excerpt":{"rendered":"<p>Bienvenue sur mon blog. Ici c&rsquo;est mon journal intime\u00a0 \u00ab\u00a0couturesque\u00a0\u00bb. Je couche sur la toile\u00a0 toutes mes aventures, les bonnes comme les mauvaises sur la\u00a0 construction (r\u00e9alisation) de mes projets en couture. \u00a0Je pratique la couture intensivement depuis 2009.\u00a0 C&rsquo;est de l&rsquo;ordre de 2 \u00e0 8h\u00a0 par jours suivant l&rsquo;\u00e9nergie, le temps, la motivation et [&hellip;]<\/p>\n","protected":false},"author":1,"featured_media":0,"parent":0,"menu_order":0,"comment_status":"open","ping_status":"open","template":"","meta":{"jetpack_post_was_ever_published":false,"footnotes":""},"class_list":["post-492","page","type-page","status-publish","hentry"],"jetpack_sharing_enabled":true,"jetpack_likes_enabled":true,"_links":{"self":[{"href":"https:\/\/costumes-urbains.com\/index.php?rest_route=\/wp\/v2\/pages\/492","targetHints":{"allow":["GET"]}}],"collection":[{"href":"https:\/\/costumes-urbains.com\/index.php?rest_route=\/wp\/v2\/pages"}],"about":[{"href":"https:\/\/costumes-urbains.com\/index.php?rest_route=\/wp\/v2\/types\/page"}],"author":[{"embeddable":true,"href":"https:\/\/costumes-urbains.com\/index.php?rest_route=\/wp\/v2\/users\/1"}],"replies":[{"embeddable":true,"href":"https:\/\/costumes-urbains.com\/index.php?rest_route=%2Fwp%2Fv2%2Fcomments&post=492"}],"version-history":[{"count":3,"href":"https:\/\/costumes-urbains.com\/index.php?rest_route=\/wp\/v2\/pages\/492\/revisions"}],"predecessor-version":[{"id":1240,"href":"https:\/\/costumes-urbains.com\/index.php?rest_route=\/wp\/v2\/pages\/492\/revisions\/1240"}],"wp:attachment":[{"href":"https:\/\/costumes-urbains.com\/index.php?rest_route=%2Fwp%2Fv2%2Fmedia&parent=492"}],"curies":[{"name":"wp","href":"https:\/\/api.w.org\/{rel}","templated":true}]}}