{"id":5771,"date":"2018-05-08T10:18:52","date_gmt":"2018-05-08T08:18:52","guid":{"rendered":"http:\/\/costumes-urbains.com\/?page_id=5771"},"modified":"2018-12-19T12:03:03","modified_gmt":"2018-12-19T11:03:03","slug":"fevrier-2018-la-fee-clochette-disney","status":"publish","type":"page","link":"https:\/\/costumes-urbains.com\/?page_id=5771","title":{"rendered":"(F\u00e9vrier 2018)  La f\u00e9e clochette Disney"},"content":{"rendered":"<h2 style=\"text-align: center;\"><span style=\"text-decoration: underline;\"><em><strong><span style=\"font-size: 24pt;\">Il faut cliquer sur les Titres pour acc\u00e9der aux fiches d\u00e9taillant toute la\u00a0 r\u00e9alisation\u00a0 (liens rapides) \u00e9tape par \u00e9tape du costume\u00a0<\/span><\/strong><\/em><\/span><\/h2>\n<h2 class=\"post-title entry-title\" style=\"text-align: center;\"><a href=\"http:\/\/costumes-urbains.com\/?p=5443\" target=\"_blank\" rel=\"bookmark noopener\">La f\u00e9e clochette : le projet<\/a><\/h2>\n<p style=\"text-align: center;\"><img loading=\"lazy\" decoding=\"async\" class=\"alignnone \" src=\"http:\/\/costumes-urbains.com\/wp-content\/uploads\/2017\/12\/Personnages-feeriques-Fee-Clochette-197655-759x1024.jpg\" width=\"294\" height=\"396\" \/><\/p>\n<h2 class=\"post-title entry-title\" style=\"text-align: center;\"><a href=\"http:\/\/costumes-urbains.com\/?p=5447\" target=\"_blank\" rel=\"bookmark noopener\">La f\u00e9e clochette : r\u00e9aliser des ailes de f\u00e9es<\/a><\/h2>\n<p style=\"text-align: center;\"><img loading=\"lazy\" decoding=\"async\" class=\"alignnone \" src=\"http:\/\/costumes-urbains.com\/wp-content\/uploads\/2017\/12\/a4.jpg\" width=\"358\" height=\"318\" \/><\/p>\n<h2 class=\"post-title entry-title\" style=\"text-align: center;\"><a href=\"http:\/\/costumes-urbains.com\/?p=5484\" target=\"_blank\" rel=\"bookmark noopener\">La f\u00e9e clochette: la robe de base<\/a><\/h2>\n<p style=\"text-align: center;\"><img loading=\"lazy\" decoding=\"async\" class=\"alignnone \" src=\"http:\/\/costumes-urbains.com\/wp-content\/uploads\/2018\/01\/20171014_094826.jpg\" width=\"370\" height=\"658\" \/><\/p>\n<h2 class=\"post-title entry-title\" style=\"text-align: center;\"><a href=\"http:\/\/costumes-urbains.com\/?p=5494\" target=\"_blank\" rel=\"bookmark noopener\">La f\u00e9e clochette: le tutu<\/a><\/h2>\n<p style=\"text-align: center;\"><img loading=\"lazy\" decoding=\"async\" class=\"alignnone \" src=\"http:\/\/costumes-urbains.com\/wp-content\/uploads\/2018\/01\/20171014_110014.jpg\" width=\"303\" height=\"539\" \/><\/p>\n<h2 class=\"post-title entry-title\" style=\"text-align: center;\"><a href=\"http:\/\/costumes-urbains.com\/?p=5496\" target=\"_blank\" rel=\"bookmark noopener\">Cendrillon et la f\u00e9e Clochette le shooting !<\/a><\/h2>\n<p style=\"text-align: center;\"><img loading=\"lazy\" decoding=\"async\" class=\"alignnone \" src=\"http:\/\/costumes-urbains.com\/wp-content\/uploads\/2018\/01\/fee02.jpg\" width=\"339\" height=\"542\" \/><\/p>\n<p style=\"text-align: center;\">\n","protected":false},"excerpt":{"rendered":"<p>Il faut cliquer sur les Titres pour acc\u00e9der aux fiches d\u00e9taillant toute la\u00a0 r\u00e9alisation\u00a0 (liens rapides) \u00e9tape par \u00e9tape du costume\u00a0 La f\u00e9e clochette : le projet La f\u00e9e clochette : r\u00e9aliser des ailes de f\u00e9es La f\u00e9e clochette: la robe de base La f\u00e9e clochette: le tutu Cendrillon et la f\u00e9e Clochette le shooting [&hellip;]<\/p>\n","protected":false},"author":1,"featured_media":0,"parent":0,"menu_order":0,"comment_status":"closed","ping_status":"closed","template":"","meta":{"jetpack_post_was_ever_published":false,"footnotes":""},"class_list":["post-5771","page","type-page","status-publish","hentry"],"jetpack_sharing_enabled":true,"jetpack_likes_enabled":true,"_links":{"self":[{"href":"https:\/\/costumes-urbains.com\/index.php?rest_route=\/wp\/v2\/pages\/5771","targetHints":{"allow":["GET"]}}],"collection":[{"href":"https:\/\/costumes-urbains.com\/index.php?rest_route=\/wp\/v2\/pages"}],"about":[{"href":"https:\/\/costumes-urbains.com\/index.php?rest_route=\/wp\/v2\/types\/page"}],"author":[{"embeddable":true,"href":"https:\/\/costumes-urbains.com\/index.php?rest_route=\/wp\/v2\/users\/1"}],"replies":[{"embeddable":true,"href":"https:\/\/costumes-urbains.com\/index.php?rest_route=%2Fwp%2Fv2%2Fcomments&post=5771"}],"version-history":[{"count":3,"href":"https:\/\/costumes-urbains.com\/index.php?rest_route=\/wp\/v2\/pages\/5771\/revisions"}],"predecessor-version":[{"id":6544,"href":"https:\/\/costumes-urbains.com\/index.php?rest_route=\/wp\/v2\/pages\/5771\/revisions\/6544"}],"wp:attachment":[{"href":"https:\/\/costumes-urbains.com\/index.php?rest_route=%2Fwp%2Fv2%2Fmedia&parent=5771"}],"curies":[{"name":"wp","href":"https:\/\/api.w.org\/{rel}","templated":true}]}}