{"id":7059,"date":"2019-04-26T16:49:16","date_gmt":"2019-04-26T14:49:16","guid":{"rendered":"http:\/\/costumes-urbains.com\/?page_id=7059"},"modified":"2020-05-13T11:32:02","modified_gmt":"2020-05-13T09:32:02","slug":"aout-2019le-projet-de-lete-2-le-projet-jasmine-version-paon","status":"publish","type":"page","link":"https:\/\/costumes-urbains.com\/?page_id=7059","title":{"rendered":"(ao\u00fbt 2019)Le projet de l\u2019\u00e9t\u00e9 (2) : Le projet Jasmine version Paon :"},"content":{"rendered":"<h2 style=\"text-align: center;\"><span style=\"text-decoration: underline;\"><em><strong><span style=\"font-size: 24pt;\">Il faut cliquer sur les Titres pour acc\u00e9der aux fiches d\u00e9taillant toute la\u00a0 r\u00e9alisation\u00a0 (liens rapides) \u00e9tape par \u00e9tape du costume\u00a0<\/span><\/strong><\/em><\/span><\/h2>\n<h2 class=\"post-title entry-title\" style=\"text-align: center;\"><a href=\"http:\/\/costumes-urbains.com\/?p=6440\" rel=\"bookmark\">Le projet de l\u2019\u00e9t\u00e9 (2) : Le projet Jasmine version Paon<\/a><\/h2>\n<p style=\"text-align: center;\"><img loading=\"lazy\" decoding=\"async\" class=\"\" src=\"http:\/\/costumes-urbains.com\/wp-content\/uploads\/2018\/12\/jasmine___new_dress_by_rousetta-d4i1mc1.png\" width=\"436\" height=\"494\" \/><\/p>\n<h2 class=\"post-title entry-title\" style=\"text-align: center;\"><a href=\"http:\/\/costumes-urbains.com\/?p=6441\" target=\"_blank\" rel=\"bookmark noopener noreferrer\">Le projet de l\u2019\u00e9t\u00e9 (2) : Le projet Jasmine version Paon : le corsage<\/a><\/h2>\n<p style=\"text-align: center;\"><img loading=\"lazy\" decoding=\"async\" class=\"\" src=\"http:\/\/costumes-urbains.com\/wp-content\/uploads\/2018\/12\/20180822_202212.jpg\" width=\"409\" height=\"546\" \/><\/p>\n<h2 class=\"post-title entry-title\" style=\"text-align: center;\"><a href=\"http:\/\/costumes-urbains.com\/?p=6442\" target=\"_blank\" rel=\"bookmark noopener noreferrer\">Le projet de l\u2019\u00e9t\u00e9 (2) : Le projet Jasmine version Paon : le jupon elliptique<\/a><\/h2>\n<p style=\"text-align: center;\"><img loading=\"lazy\" decoding=\"async\" class=\"\" src=\"http:\/\/costumes-urbains.com\/wp-content\/uploads\/2018\/12\/20180818_183845.jpg\" width=\"489\" height=\"652\" \/><\/p>\n<h2 class=\"post-title entry-title\" style=\"text-align: center;\"><a href=\"http:\/\/costumes-urbains.com\/?p=6443\" target=\"_blank\" rel=\"bookmark noopener noreferrer\">Le projet de l\u2019\u00e9t\u00e9 (2) : Le projet Jasmine version Paon : la jupe, la sur jupe<\/a><\/h2>\n<p style=\"text-align: center;\"><img loading=\"lazy\" decoding=\"async\" class=\"\" src=\"http:\/\/costumes-urbains.com\/wp-content\/uploads\/2018\/12\/IMG_1846.jpg\" width=\"416\" height=\"624\" \/><\/p>\n<h2 class=\"post-title entry-title\" style=\"text-align: center;\"><a href=\"http:\/\/costumes-urbains.com\/?p=6486\" target=\"_blank\" rel=\"bookmark noopener noreferrer\">Le projet de l\u2019\u00e9t\u00e9 (2) : Le projet Jasmine version Paon : la tra\u00eene.<\/a><\/h2>\n<p style=\"text-align: center;\"><img loading=\"lazy\" decoding=\"async\" class=\"\" src=\"http:\/\/costumes-urbains.com\/wp-content\/uploads\/2018\/12\/40231315_1945176125504355_250170068191674368_n.jpg\" width=\"481\" height=\"642\" \/><\/p>\n<h2 class=\"post-title entry-title\" style=\"text-align: center;\"><a href=\"http:\/\/costumes-urbains.com\/?p=6444\" target=\"_blank\" rel=\"bookmark noopener noreferrer\">Le projet de l\u2019\u00e9t\u00e9 (2) : Le projet Jasmine version Paon : la collerette<\/a><\/h2>\n<p style=\"text-align: center;\"><img loading=\"lazy\" decoding=\"async\" class=\"\" src=\"http:\/\/costumes-urbains.com\/wp-content\/uploads\/2018\/12\/20180915_094750.jpg\" width=\"484\" height=\"646\" \/><\/p>\n<h2 class=\"post-title entry-title\" style=\"text-align: center;\"><a href=\"http:\/\/costumes-urbains.com\/?p=6445\" target=\"_blank\" rel=\"bookmark noopener noreferrer\">Le projet de l\u2019\u00e9t\u00e9 (2) : Le projet Jasmine version Paon : les bijoux et accessoires de robe<\/a><\/h2>\n<p style=\"text-align: center;\"><img loading=\"lazy\" decoding=\"async\" class=\"\" src=\"http:\/\/costumes-urbains.com\/wp-content\/uploads\/2018\/12\/20180901_110428.jpg\" width=\"402\" height=\"536\" \/><\/p>\n<h2 class=\"post-title entry-title\" style=\"text-align: center;\"><a href=\"http:\/\/costumes-urbains.com\/?p=6903\" target=\"_blank\" rel=\"bookmark noopener noreferrer\">Le projet de l\u2019\u00e9t\u00e9 (2) : Le projet Jasmine version Paon : le bilan<\/a><\/h2>\n<p style=\"text-align: center;\"><img loading=\"lazy\" decoding=\"async\" class=\"\" src=\"http:\/\/costumes-urbains.com\/wp-content\/uploads\/2019\/01\/bi00.jpg\" width=\"437\" height=\"583\" \/><\/p>\n<h2 class=\"post-title entry-title\" style=\"text-align: center;\"><a href=\"http:\/\/costumes-urbains.com\/?p=7643\" target=\"_blank\" rel=\"bookmark noopener noreferrer\">Le shooting photo: Jasmine et son g\u00e9nie<\/a><\/h2>\n<p><img loading=\"lazy\" decoding=\"async\" class=\"aligncenter\" src=\"http:\/\/costumes-urbains.com\/wp-content\/uploads\/2019\/08\/jasmhd08.jpg\" width=\"491\" height=\"861\" \/><\/p>\n<p style=\"text-align: center;\">\n","protected":false},"excerpt":{"rendered":"<p>Il faut cliquer sur les Titres pour acc\u00e9der aux fiches d\u00e9taillant toute la\u00a0 r\u00e9alisation\u00a0 (liens rapides) \u00e9tape par \u00e9tape du costume\u00a0 Le projet de l\u2019\u00e9t\u00e9 (2) : Le projet Jasmine version Paon Le projet de l\u2019\u00e9t\u00e9 (2) : Le projet Jasmine version Paon : le corsage Le projet de l\u2019\u00e9t\u00e9 (2) : Le projet Jasmine [&hellip;]<\/p>\n","protected":false},"author":1,"featured_media":0,"parent":0,"menu_order":0,"comment_status":"closed","ping_status":"closed","template":"","meta":{"jetpack_post_was_ever_published":false,"footnotes":""},"class_list":["post-7059","page","type-page","status-publish","hentry"],"jetpack_sharing_enabled":true,"jetpack_likes_enabled":true,"_links":{"self":[{"href":"https:\/\/costumes-urbains.com\/index.php?rest_route=\/wp\/v2\/pages\/7059","targetHints":{"allow":["GET"]}}],"collection":[{"href":"https:\/\/costumes-urbains.com\/index.php?rest_route=\/wp\/v2\/pages"}],"about":[{"href":"https:\/\/costumes-urbains.com\/index.php?rest_route=\/wp\/v2\/types\/page"}],"author":[{"embeddable":true,"href":"https:\/\/costumes-urbains.com\/index.php?rest_route=\/wp\/v2\/users\/1"}],"replies":[{"embeddable":true,"href":"https:\/\/costumes-urbains.com\/index.php?rest_route=%2Fwp%2Fv2%2Fcomments&post=7059"}],"version-history":[{"count":2,"href":"https:\/\/costumes-urbains.com\/index.php?rest_route=\/wp\/v2\/pages\/7059\/revisions"}],"predecessor-version":[{"id":8496,"href":"https:\/\/costumes-urbains.com\/index.php?rest_route=\/wp\/v2\/pages\/7059\/revisions\/8496"}],"wp:attachment":[{"href":"https:\/\/costumes-urbains.com\/index.php?rest_route=%2Fwp%2Fv2%2Fmedia&parent=7059"}],"curies":[{"name":"wp","href":"https:\/\/api.w.org\/{rel}","templated":true}]}}