{"id":7527,"date":"2019-08-12T08:42:36","date_gmt":"2019-08-12T06:42:36","guid":{"rendered":"http:\/\/costumes-urbains.com\/?page_id=7527"},"modified":"2020-05-13T11:24:40","modified_gmt":"2020-05-13T09:24:40","slug":"mars-2019-malefique-et-aurore","status":"publish","type":"page","link":"https:\/\/costumes-urbains.com\/?page_id=7527","title":{"rendered":"(Mars 2019) Mal\u00e9fique et Aurore"},"content":{"rendered":"<h2 class=\"post-title entry-title\" style=\"text-align: center;\"><a href=\"http:\/\/costumes-urbains.com\/?p=7064\" target=\"_blank\" rel=\"bookmark noopener noreferrer\">Le projet 3en 1: version 2 Mal\u00e9fique<\/a><\/h2>\n<p style=\"text-align: center;\"><img loading=\"lazy\" decoding=\"async\" class=\"alignnone \" src=\"http:\/\/costumes-urbains.com\/wp-content\/uploads\/2019\/04\/51563386_2169311953090770_9102945212619030528_n.jpg\" width=\"385\" height=\"514\" \/><\/p>\n<h2 class=\"post-title entry-title\" style=\"text-align: center;\"><a href=\"http:\/\/costumes-urbains.com\/?p=7070\" target=\"_blank\" rel=\"bookmark noopener noreferrer\">Le projet 3en 1: version 2 Mal\u00e9fique : les cornes (tuto)<\/a><\/h2>\n<p style=\"text-align: center;\"><img loading=\"lazy\" decoding=\"async\" class=\"\" src=\"http:\/\/costumes-urbains.com\/wp-content\/uploads\/2019\/04\/Sans-titre-4.jpg\" width=\"358\" height=\"482\" \/><\/p>\n<h2 class=\"post-title entry-title\" style=\"text-align: center;\"><a href=\"http:\/\/costumes-urbains.com\/?p=7093\" target=\"_blank\" rel=\"bookmark noopener noreferrer\">Le projet 3en 1: version 2 Mal\u00e9fique : le bol\u00e9ro et la cape<\/a><\/h2>\n<p style=\"text-align: center;\"><img loading=\"lazy\" decoding=\"async\" class=\"\" src=\"http:\/\/costumes-urbains.com\/wp-content\/uploads\/2019\/04\/52033756_2183479825007316_6718466209823588352_n.jpg\" width=\"378\" height=\"504\" \/><\/p>\n<h2 class=\"post-title entry-title\" style=\"text-align: center;\"><a href=\"http:\/\/costumes-urbains.com\/?p=7101\" target=\"_blank\" rel=\"bookmark noopener noreferrer\">Le projet 3en 1: version 2 Mal\u00e9fique : Le col, le bas de la jupe, la ceinture et le sceptre<\/a><\/h2>\n<p style=\"text-align: center;\"><img loading=\"lazy\" decoding=\"async\" class=\"\" src=\"http:\/\/costumes-urbains.com\/wp-content\/uploads\/2019\/04\/20190220_162905.jpg\" width=\"406\" height=\"541\" \/><\/p>\n<h2 class=\"post-title entry-title\" style=\"text-align: center;\"><a href=\"http:\/\/costumes-urbains.com\/?p=7702\" target=\"_blank\" rel=\"bookmark noopener noreferrer\">Le projet Bonus du 3 en 1 version Mal\u00e9fique : Aurore<\/a><\/h2>\n<p><img loading=\"lazy\" decoding=\"async\" class=\"aligncenter\" src=\"http:\/\/costumes-urbains.com\/wp-content\/uploads\/2019\/08\/20190407_123913.jpg\" width=\"435\" height=\"580\" \/><\/p>\n<h2 class=\"post-title entry-title\" style=\"text-align: center;\"><a href=\"http:\/\/costumes-urbains.com\/?p=7118\" target=\"_blank\" rel=\"bookmark noopener noreferrer\">Mal\u00e9fique en convention \ud83d\ude42<\/a><\/h2>\n<p style=\"text-align: center;\"><img loading=\"lazy\" decoding=\"async\" class=\"\" src=\"http:\/\/costumes-urbains.com\/wp-content\/uploads\/2019\/04\/male01.jpg\" width=\"386\" height=\"580\" \/><\/p>\n<h2 class=\"post-title entry-title\" style=\"text-align: center;\"><a href=\"http:\/\/costumes-urbains.com\/?p=7130\" target=\"_blank\" rel=\"bookmark noopener noreferrer\">Mal\u00e9fique et Aurore le shooting photo<\/a><\/h2>\n<p><img loading=\"lazy\" decoding=\"async\" class=\"aligncenter\" src=\"http:\/\/costumes-urbains.com\/wp-content\/uploads\/2019\/04\/mal14.jpg\" width=\"416\" height=\"624\" \/><\/p>\n","protected":false},"excerpt":{"rendered":"<p>Le projet 3en 1: version 2 Mal\u00e9fique Le projet 3en 1: version 2 Mal\u00e9fique : les cornes (tuto) Le projet 3en 1: version 2 Mal\u00e9fique : le bol\u00e9ro et la cape Le projet 3en 1: version 2 Mal\u00e9fique : Le col, le bas de la jupe, la ceinture et le sceptre Le projet Bonus du [&hellip;]<\/p>\n","protected":false},"author":1,"featured_media":0,"parent":0,"menu_order":0,"comment_status":"closed","ping_status":"closed","template":"","meta":{"jetpack_post_was_ever_published":false,"footnotes":""},"class_list":["post-7527","page","type-page","status-publish","hentry"],"jetpack_sharing_enabled":true,"jetpack_likes_enabled":true,"_links":{"self":[{"href":"https:\/\/costumes-urbains.com\/index.php?rest_route=\/wp\/v2\/pages\/7527","targetHints":{"allow":["GET"]}}],"collection":[{"href":"https:\/\/costumes-urbains.com\/index.php?rest_route=\/wp\/v2\/pages"}],"about":[{"href":"https:\/\/costumes-urbains.com\/index.php?rest_route=\/wp\/v2\/types\/page"}],"author":[{"embeddable":true,"href":"https:\/\/costumes-urbains.com\/index.php?rest_route=\/wp\/v2\/users\/1"}],"replies":[{"embeddable":true,"href":"https:\/\/costumes-urbains.com\/index.php?rest_route=%2Fwp%2Fv2%2Fcomments&post=7527"}],"version-history":[{"count":2,"href":"https:\/\/costumes-urbains.com\/index.php?rest_route=\/wp\/v2\/pages\/7527\/revisions"}],"predecessor-version":[{"id":8491,"href":"https:\/\/costumes-urbains.com\/index.php?rest_route=\/wp\/v2\/pages\/7527\/revisions\/8491"}],"wp:attachment":[{"href":"https:\/\/costumes-urbains.com\/index.php?rest_route=%2Fwp%2Fv2%2Fmedia&parent=7527"}],"curies":[{"name":"wp","href":"https:\/\/api.w.org\/{rel}","templated":true}]}}