{"id":798,"date":"2015-08-02T11:59:09","date_gmt":"2015-08-02T09:59:09","guid":{"rendered":"http:\/\/costumes-urbains.com\/?page_id=798"},"modified":"2025-02-14T19:50:30","modified_gmt":"2025-02-14T18:50:30","slug":"liste-de-livres","status":"publish","type":"page","link":"https:\/\/costumes-urbains.com\/?page_id=798","title":{"rendered":"Liste de Livres"},"content":{"rendered":"<p><strong>Patrons:<\/strong><\/p>\n<p>Patterns of Fashion : 1560-1620<\/p>\n<p><img loading=\"lazy\" decoding=\"async\" class=\"alignnone\" src=\"http:\/\/ecx.images-amazon.com\/images\/I\/61ZZ1%2BEVfvL._AA160_.jpg\" alt=\"\" width=\"160\" height=\"160\" \/><br \/>\nPatterns of Fashion : 1660-1860<\/p>\n<p><img loading=\"lazy\" decoding=\"async\" class=\"alignnone\" src=\"http:\/\/ecx.images-amazon.com\/images\/I\/51XyayqQQqL._AA160_.jpg\" alt=\"\" width=\"160\" height=\"160\" \/><br \/>\npatterns of fashion: 1860-1940<\/p>\n<p><img loading=\"lazy\" decoding=\"async\" class=\"alignnone\" src=\"http:\/\/ecx.images-amazon.com\/images\/I\/51EKsFeA-HL._AA160_.jpg\" alt=\"\" width=\"160\" height=\"160\" \/><br \/>\npatterns of fashion: 4 accessoires<\/p>\n<p><img loading=\"lazy\" decoding=\"async\" class=\"alignnone\" src=\"http:\/\/ecx.images-amazon.com\/images\/I\/51T%2BDMXAtmL._AA160_.jpg\" alt=\"\" width=\"160\" height=\"160\" \/><\/p>\n<p>The Cut of Women&rsquo;s Clothes, 1600-1930<\/p>\n<p><img loading=\"lazy\" decoding=\"async\" class=\"alignnone\" src=\"http:\/\/ecx.images-amazon.com\/images\/I\/51CEJPZBDCL._AA160_.jpg\" alt=\"\" width=\"160\" height=\"160\" \/><br \/>\nThe Cut of men&rsquo;s Clothes, 1600-1930<\/p>\n<p><img loading=\"lazy\" decoding=\"async\" class=\"alignnone\" src=\"http:\/\/ecx.images-amazon.com\/images\/I\/51QR5X7OURL._AA160_.jpg\" alt=\"\" width=\"160\" height=\"160\" \/><br \/>\ncorsets and crinolines<\/p>\n<p><img loading=\"lazy\" decoding=\"async\" class=\"alignnone\" src=\"http:\/\/ecx.images-amazon.com\/images\/I\/611wrm2N70L._AA160_.jpg\" alt=\"\" width=\"160\" height=\"160\" \/><\/p>\n<p>authentic victorian fashion pattern<\/p>\n<p><img loading=\"lazy\" decoding=\"async\" class=\"alignnone\" src=\"http:\/\/ecx.images-amazon.com\/images\/I\/51W6ynZ-qCL._AA160_.jpg\" alt=\"\" width=\"160\" height=\"160\" \/><\/p>\n<p>The basics of corset building<br \/>\n<img loading=\"lazy\" decoding=\"async\" class=\"alignnone\" src=\"http:\/\/ecx.images-amazon.com\/images\/I\/51cL7gBliOL._AA160_.jpg\" alt=\"\" width=\"160\" height=\"160\" \/><br \/>\nThe Tudor Tailor<\/p>\n<p><img loading=\"lazy\" decoding=\"async\" class=\"alignnone\" src=\"http:\/\/ecx.images-amazon.com\/images\/I\/51sVxz7MOzL._AA160_.jpg\" alt=\"\" width=\"160\" height=\"160\" \/><img loading=\"lazy\" decoding=\"async\" class=\"alignnone\" src=\"http:\/\/ecx.images-amazon.com\/images\/I\/51e3nd7vCEL._AA160_.jpg\" alt=\"\" width=\"160\" height=\"160\" \/><\/p>\n<p>Period Costume for stage and screen<\/p>\n<p><img loading=\"lazy\" decoding=\"async\" class=\"alignnone\" src=\"http:\/\/ecx.images-amazon.com\/images\/I\/510NmcRR1YL._AA160_.jpg\" alt=\"\" width=\"160\" height=\"160\" \/><img loading=\"lazy\" decoding=\"async\" class=\"alignnone\" src=\"http:\/\/ecx.images-amazon.com\/images\/I\/51Ww5iNcG6L._AA160_.jpg\" alt=\"\" width=\"160\" height=\"160\" \/><strong><img loading=\"lazy\" decoding=\"async\" class=\"alignnone\" src=\"http:\/\/ecx.images-amazon.com\/images\/I\/51LYUHetLnL._AA160_.jpg\" alt=\"\" width=\"160\" height=\"160\" \/><img loading=\"lazy\" decoding=\"async\" class=\"alignnone\" src=\"http:\/\/ecx.images-amazon.com\/images\/I\/51tvNheKLJL._AA160_.jpg\" alt=\"\" width=\"160\" height=\"160\" \/><img loading=\"lazy\" decoding=\"async\" class=\"alignnone\" src=\"http:\/\/ecx.images-amazon.com\/images\/I\/51XI1eV1l2L._AA160_.jpg\" alt=\"\" width=\"160\" height=\"160\" \/><\/strong><\/p>\n<p>Historic Costumes And How to Make Them<\/p>\n<p><img loading=\"lazy\" decoding=\"async\" class=\"alignnone\" src=\"http:\/\/ecx.images-amazon.com\/images\/I\/51Iqa8Qo38L._AA160_.jpg\" alt=\"\" width=\"160\" height=\"160\" \/><\/p>\n<p>Fashions Of The Gilded Age: Undergarments, Bodices, Skirts, Overskirts, Polonaises, And Day Dresses 1877-1882<\/p>\n<p><img loading=\"lazy\" decoding=\"async\" class=\"alignnone\" src=\"http:\/\/ecx.images-amazon.com\/images\/I\/516aj6dPSeL._AA160_.jpg\" alt=\"\" width=\"160\" height=\"160\" \/><\/p>\n<p>Fashions Of The Gilded Age: Undergarments, Bodices, Skirts, Overskirts, Polonaises, And Day Dresses 1877-1882<\/p>\n<p><img loading=\"lazy\" decoding=\"async\" class=\"alignnone\" src=\"http:\/\/ecx.images-amazon.com\/images\/I\/51sYyCltZ7L._AA160_.jpg\" alt=\"\" width=\"160\" height=\"160\" \/><\/p>\n<p>Patterns for Theatrical Costumes: Garments, Trims, and Accessories from Ancient Egypt to 1915<\/p>\n<p><img loading=\"lazy\" decoding=\"async\" class=\"alignnone\" src=\"http:\/\/ecx.images-amazon.com\/images\/I\/51ryRaXwHPL._AA160_.jpg\" alt=\"\" width=\"160\" height=\"160\" \/><\/p>\n<p>59 Authentic Turn-Of-The-Century Fashion Patterns<\/p>\n<p><img loading=\"lazy\" decoding=\"async\" class=\"alignnone\" src=\"http:\/\/ecx.images-amazon.com\/images\/I\/61E4LssL5VL._AA160_.jpg\" alt=\"\" width=\"160\" height=\"160\" \/><\/p>\n<p>60 Civil War Era fashion patterns<\/p>\n<p><img loading=\"lazy\" decoding=\"async\" class=\"alignnone\" src=\"http:\/\/ecx.images-amazon.com\/images\/I\/61z3OWKA8XL._AA160_.jpg\" alt=\"\" width=\"160\" height=\"160\" \/><\/p>\n<p>&nbsp;<\/p>\n<p>Bloom<br \/>\nLe costume au moyen \u00e2ge<br \/>\nDangerous Liaison Fournitures of the XVIIIth century (tr\u00e8s beaux costumes \u00e0 l&rsquo;int\u00e9rieur ! )<br \/>\nFashion of the Habsbourg era, autria-hungary<br \/>\nFrom Queen to Empress, Victorian Dress<br \/>\nMAdame Gr\u00e8s<br \/>\nLa Belle Epoque<br \/>\nMedieval Tailor Assistant<br \/>\nOrientalism vision of the East in Western Dress (sublime celui ci)<br \/>\nNapoleon Costume from the Revolution to Empire<br \/>\nThe Ceaseless Century Three Hundred Years of Eighteenth Century Costume<br \/>\nThe Eighteenth Century Woman<br \/>\nWaist Not The Migration of the Waist 1800 1960<br \/>\nA Separate Sphere 1877-1922<\/p>\n<p><strong>Livres documentations<br \/>\n<\/strong><\/p>\n<p>Style &amp; Splendor. The Wardrobe of Queen Maud of Norway 1896-1938<\/p>\n<p><img loading=\"lazy\" decoding=\"async\" class=\"alignnone\" src=\"http:\/\/ecx.images-amazon.com\/images\/I\/51x4donMN3L._SX403_BO1,204,203,200_.jpg\" alt=\"\" width=\"208\" height=\"257\" \/><\/p>\n<p>Dress To Kill Royal Navy<\/p>\n<p><img loading=\"lazy\" decoding=\"async\" class=\"alignnone\" src=\"http:\/\/ecx.images-amazon.com\/images\/I\/51WvNxAEM1L._SX399_BO1,204,203,200_.jpg\" alt=\"\" width=\"176\" height=\"219\" \/><\/p>\n<p><span id=\"productTitle\" class=\"a-size-large\">Fashion: A History from the 18th to the 20th Century <\/span><\/p>\n<p><img loading=\"lazy\" decoding=\"async\" class=\"alignnone\" src=\"http:\/\/ecx.images-amazon.com\/images\/I\/51EjELOXI-L._AA160_.jpg\" alt=\"\" width=\"160\" height=\"160\" \/><\/p>\n<p>Historical Fashion in Details 18eme<\/p>\n<p><img loading=\"lazy\" decoding=\"async\" class=\"alignnone\" src=\"http:\/\/ecx.images-amazon.com\/images\/I\/51HGf6UJDgL._AA160_.jpg\" alt=\"\" width=\"160\" height=\"160\" \/><br \/>\nHistorical Fashion in Details 19eme<\/p>\n<p><img loading=\"lazy\" decoding=\"async\" class=\"alignnone\" src=\"http:\/\/ecx.images-amazon.com\/images\/I\/61AaFOE-sRL._AC_UL320_SR248,320_.jpg\" alt=\"\" width=\"134\" height=\"173\" \/><\/p>\n<p>Le costume Fran\u00e7ais<\/p>\n<p><img loading=\"lazy\" decoding=\"async\" class=\"alignnone\" src=\"http:\/\/ecx.images-amazon.com\/images\/I\/41wAzh8VMML._AA160_.jpg\" alt=\"\" width=\"160\" height=\"160\" \/><\/p>\n<p>Costume in Details: Women&rsquo;s Dress, 1730-1930<\/p>\n<p><img loading=\"lazy\" decoding=\"async\" class=\"alignnone\" src=\"http:\/\/ecx.images-amazon.com\/images\/I\/51ZSK392G9L._AA160_.jpg\" alt=\"\" width=\"160\" height=\"160\" \/><\/p>\n<p>The Mode in Hats and Headdress: A Historical Survey With 198 Plate<\/p>\n<p><img loading=\"lazy\" decoding=\"async\" class=\"alignnone\" src=\"http:\/\/ecx.images-amazon.com\/images\/I\/51CFHjelseL._AA160_.jpg\" alt=\"\" width=\"160\" height=\"160\" \/><\/p>\n<h1 id=\"title\" class=\"a-size-large a-spacing-none\"><\/h1>\n<p><img loading=\"lazy\" decoding=\"async\" class=\"alignnone\" src=\"http:\/\/ecx.images-amazon.com\/images\/I\/51NAT0hMX5L._SX349_BO1,204,203,200_.jpg\" alt=\"\" width=\"124\" height=\"176\" \/><\/p>\n<p>The Mode in Costume: A Historical Survey With 202 Plates<\/p>\n<p><strong>Techniques: r\u00e9aliser son patron<br \/>\n<\/strong><\/p>\n<p>THE MEDIEVAL TAILOR&rsquo;S ASSISTANT MAKING COMMON GARMENTS 1200-1500<\/p>\n<p><img loading=\"lazy\" decoding=\"async\" class=\"alignnone\" src=\"http:\/\/ecx.images-amazon.com\/images\/I\/41E3JmmFKgL._SX398_BO1,204,203,200_.jpg\" alt=\"\" width=\"220\" height=\"237\" \/><\/p>\n<p>draping period costumes<\/p>\n<p><img loading=\"lazy\" decoding=\"async\" class=\"alignnone\" src=\"http:\/\/ecx.images-amazon.com\/images\/I\/513W07yMyqL._AA160_.jpg\" alt=\"\" width=\"160\" height=\"160\" \/><\/p>\n<p>A Practical Guide to Costume Mounting<\/p>\n<p><img loading=\"lazy\" decoding=\"async\" class=\"alignnone\" src=\"http:\/\/ecx.images-amazon.com\/images\/I\/41zsZktSKtL._AA160_.jpg\" alt=\"\" width=\"160\" height=\"160\" \/><\/p>\n<p>Turn-Of-The-Century Fashion Patterns and Tailoring Techniques<\/p>\n<p><img loading=\"lazy\" decoding=\"async\" class=\"alignnone\" src=\"http:\/\/ecx.images-amazon.com\/images\/I\/51YW9ynyX5L._AA160_.jpg\" alt=\"\" width=\"160\" height=\"160\" \/><\/p>\n<p>Modelisme mode 1<\/p>\n<p><img loading=\"lazy\" decoding=\"async\" class=\"alignnone\" src=\"http:\/\/ecx.images-amazon.com\/images\/I\/51fHr14SUgL._AA160_.jpg\" alt=\"\" width=\"160\" height=\"160\" \/><br \/>\nMod\u00e9lismemode 2<\/p>\n<p><img loading=\"lazy\" decoding=\"async\" class=\"alignnone\" src=\"http:\/\/ecx.images-amazon.com\/images\/I\/51A%2BqQX0GEL._AA160_.jpg\" alt=\"\" width=\"160\" height=\"160\" \/><br \/>\nMod\u00e9lismemode 3: moulage<\/p>\n<p><img loading=\"lazy\" decoding=\"async\" class=\"alignnone\" src=\"http:\/\/ecx.images-amazon.com\/images\/I\/51jbWdWMTwL._AA160_.jpg\" alt=\"\" width=\"160\" height=\"160\" \/><br \/>\nMod\u00e9lisme mode\u00a0 4 finitions<\/p>\n<p><img loading=\"lazy\" decoding=\"async\" class=\"alignnone\" src=\"http:\/\/ecx.images-amazon.com\/images\/I\/51teZI74O2L._AA160_.jpg\" alt=\"\" width=\"160\" height=\"160\" \/><br \/>\nMod\u00e9lisme mode : robe de mari\u00e9<\/p>\n<p><img loading=\"lazy\" decoding=\"async\" class=\"alignnone\" src=\"http:\/\/ecx.images-amazon.com\/images\/I\/51t3eXYxgLL._AA160_.jpg\" alt=\"\" width=\"160\" height=\"160\" \/><\/p>\n<p><strong>\u00a0autres\u00a0 techniques<\/strong><\/p>\n<p>&nbsp;<\/p>\n<p>couture sewing technique<\/p>\n<p><img loading=\"lazy\" decoding=\"async\" class=\"alignnone\" src=\"http:\/\/ecx.images-amazon.com\/images\/I\/51uyE934wIL._AA160_.jpg\" alt=\"\" width=\"160\" height=\"160\" \/><\/p>\n<p>The Little Hat Making Book<\/p>\n<p><img loading=\"lazy\" decoding=\"async\" class=\"alignnone\" src=\"http:\/\/ecx.images-amazon.com\/images\/I\/11BSX6H98ML._BO1,204,203,200_.jpg\" alt=\"\" width=\"95\" height=\"142\" \/><\/p>\n<p>The Little Bodice Book: A Workbook on Period Bodices<\/p>\n<p><img loading=\"lazy\" decoding=\"async\" class=\"alignnone\" src=\"http:\/\/ecx.images-amazon.com\/images\/I\/41XBSJQE0XL._AA160_.jpg\" alt=\"\" width=\"160\" height=\"160\" \/><\/p>\n<p>The Art of Manipulating Fabric<\/p>\n<p><img loading=\"lazy\" decoding=\"async\" class=\"alignnone\" src=\"http:\/\/ecx.images-amazon.com\/images\/I\/51nHa7ZOh9L._AA160_.jpg\" alt=\"\" width=\"160\" height=\"160\" \/><\/p>\n<p>Encyclop\u00e9die de la broderie au ruban : les fleurs<\/p>\n<p><img loading=\"lazy\" decoding=\"async\" class=\"alignnone\" src=\"http:\/\/ecx.images-amazon.com\/images\/I\/6173bmC-cEL._AA160_.jpg\" alt=\"\" width=\"160\" height=\"160\" \/><\/p>\n<p>Broder perles et paillettes<\/p>\n<p><img loading=\"lazy\" decoding=\"async\" class=\"alignnone\" src=\"http:\/\/ecx.images-amazon.com\/images\/I\/61GAVtelzeL._AA160_.jpg\" alt=\"\" width=\"160\" height=\"160\" \/><\/p>\n<p><strong>La corseterie<\/strong><\/p>\n<p>corsets historical patterns and techniques<\/p>\n<p><img loading=\"lazy\" decoding=\"async\" class=\"alignnone\" src=\"http:\/\/ecx.images-amazon.com\/images\/I\/51CbBrunuOL._AA160_.jpg\" alt=\"\" width=\"160\" height=\"160\" \/><br \/>\nthe little corset book<\/p>\n<p><img loading=\"lazy\" decoding=\"async\" class=\"alignnone\" src=\"http:\/\/ecx.images-amazon.com\/images\/I\/51F9xT6GFtL._AA160_.jpg\" alt=\"\" width=\"160\" height=\"160\" \/><\/p>\n<p>The Basics of Corset Building: A Handbook for Beginners<\/p>\n<p><img loading=\"lazy\" decoding=\"async\" class=\"alignnone\" src=\"http:\/\/ecx.images-amazon.com\/images\/I\/51cL7gBliOL._AA160_.jpg\" alt=\"\" width=\"160\" height=\"160\" \/><\/p>\n<p>BRUNA, Denis, La m\u00e9canique des dessous<\/p>\n<p><img loading=\"lazy\" decoding=\"async\" class=\"alignnone\" src=\"http:\/\/ecx.images-amazon.com\/images\/I\/41BzwvtqeRL._AA160_.jpg\" alt=\"\" width=\"160\" height=\"160\" \/><\/p>\n<p>&nbsp;<\/p>\n","protected":false},"excerpt":{"rendered":"<p>Patrons: Patterns of Fashion : 1560-1620 Patterns of Fashion : 1660-1860 patterns of fashion: 1860-1940 patterns of fashion: 4 accessoires The Cut of Women&rsquo;s Clothes, 1600-1930 The Cut of men&rsquo;s Clothes, 1600-1930 corsets and crinolines authentic victorian fashion pattern The basics of corset building The Tudor Tailor Period Costume for stage and screen Historic Costumes [&hellip;]<\/p>\n","protected":false},"author":1,"featured_media":0,"parent":790,"menu_order":0,"comment_status":"open","ping_status":"open","template":"","meta":{"jetpack_post_was_ever_published":false,"footnotes":""},"class_list":["post-798","page","type-page","status-publish","hentry"],"jetpack_sharing_enabled":true,"jetpack_likes_enabled":true,"_links":{"self":[{"href":"https:\/\/costumes-urbains.com\/index.php?rest_route=\/wp\/v2\/pages\/798","targetHints":{"allow":["GET"]}}],"collection":[{"href":"https:\/\/costumes-urbains.com\/index.php?rest_route=\/wp\/v2\/pages"}],"about":[{"href":"https:\/\/costumes-urbains.com\/index.php?rest_route=\/wp\/v2\/types\/page"}],"author":[{"embeddable":true,"href":"https:\/\/costumes-urbains.com\/index.php?rest_route=\/wp\/v2\/users\/1"}],"replies":[{"embeddable":true,"href":"https:\/\/costumes-urbains.com\/index.php?rest_route=%2Fwp%2Fv2%2Fcomments&post=798"}],"version-history":[{"count":10,"href":"https:\/\/costumes-urbains.com\/index.php?rest_route=\/wp\/v2\/pages\/798\/revisions"}],"predecessor-version":[{"id":15112,"href":"https:\/\/costumes-urbains.com\/index.php?rest_route=\/wp\/v2\/pages\/798\/revisions\/15112"}],"up":[{"embeddable":true,"href":"https:\/\/costumes-urbains.com\/index.php?rest_route=\/wp\/v2\/pages\/790"}],"wp:attachment":[{"href":"https:\/\/costumes-urbains.com\/index.php?rest_route=%2Fwp%2Fv2%2Fmedia&parent=798"}],"curies":[{"name":"wp","href":"https:\/\/api.w.org\/{rel}","templated":true}]}}