{"id":9715,"date":"2020-12-27T11:51:39","date_gmt":"2020-12-27T10:51:39","guid":{"rendered":"https:\/\/costumes-urbains.com\/?page_id=9715"},"modified":"2021-09-13T15:41:35","modified_gmt":"2021-09-13T13:41:35","slug":"aout-20-la-mechante-reine-ouat","status":"publish","type":"page","link":"https:\/\/costumes-urbains.com\/?page_id=9715","title":{"rendered":"(Ao\u00fbt 20) La m\u00e9chante reine ouat"},"content":{"rendered":"<p style=\"text-align: center;\"><span style=\"font-size: 24pt;\"><em><strong>Il faut cliquer sur les Titres pour acc\u00e9der aux fiches d\u00e9taillant toute la\u00a0 r\u00e9alisation\u00a0 (liens rapides) \u00e9tape par \u00e9tape du costume<\/strong><\/em><\/span><\/p>\n<p style=\"text-align: center;\"><span style=\"font-size: 18pt;\">l<a href=\"https:\/\/costumes-urbains.com\/?p=10176\" target=\"_blank\" rel=\"noopener noreferrer\">Le projet M\u00e9chante reine , Evil Queen ouat (once upon a time) le mat\u00e9riel<\/a><\/span><\/p>\n<p style=\"text-align: center;\"><span style=\"font-size: 18pt;\"><img decoding=\"async\" src=\"https:\/\/costumes-urbains.com\/wp-content\/uploads\/2021\/01\/21-regina2_orig.jpg\" \/><\/span><\/p>\n<p style=\"text-align: center;\"><span style=\"font-size: 18pt;\"><a href=\"https:\/\/costumes-urbains.com\/?p=10211\" target=\"_blank\" rel=\"noopener noreferrer\">Evil Queen ,once upon a time : les boudins de taille , le pad<\/a><\/span><\/p>\n<p style=\"text-align: center;\"><span style=\"font-size: 18pt;\"><img decoding=\"async\" src=\"https:\/\/costumes-urbains.com\/wp-content\/uploads\/2021\/01\/20210130_092426.jpg\" \/><\/span><\/p>\n<p style=\"text-align: center;\"><span style=\"font-size: 18pt;\"><a href=\"https:\/\/costumes-urbains.com\/?p=10215\">Evil Queen ,once upon a time : le jupon ou jupe<\/a><\/span><\/p>\n<p style=\"text-align: center;\"><span style=\"font-size: 18pt;\"><img decoding=\"async\" src=\"https:\/\/costumes-urbains.com\/wp-content\/uploads\/2021\/01\/20200912_175128.jpg\" \/><\/span><\/p>\n<p style=\"text-align: center;\"><span style=\"font-size: 18pt;\"><a href=\"https:\/\/costumes-urbains.com\/?p=10183\" target=\"_blank\" rel=\"noopener noreferrer\">Evil Queen ,once upon a time : le manteau de robe partie1<\/a><\/span><\/p>\n<p style=\"text-align: center;\"><span style=\"font-size: 18pt;\"><img decoding=\"async\" src=\"https:\/\/costumes-urbains.com\/wp-content\/uploads\/2021\/01\/20200919_180241.jpg\" \/><\/span><\/p>\n<p style=\"text-align: center;\"><span style=\"font-size: 18pt;\"><a href=\"https:\/\/costumes-urbains.com\/?p=10289\" target=\"_blank\" rel=\"noopener noreferrer\">Le projet M\u00e9chante reine , Evil Queen ouat le manteau de robe p3<\/a><\/span><\/p>\n<p style=\"text-align: center;\"><span style=\"font-size: 18pt;\"><img decoding=\"async\" src=\"https:\/\/costumes-urbains.com\/wp-content\/uploads\/2021\/01\/20200920_155553.jpg\" \/><\/span><\/p>\n<p style=\"text-align: center;\"><span style=\"font-size: 18pt;\"><a href=\"https:\/\/costumes-urbains.com\/?p=10291\" target=\"_blank\" rel=\"noopener noreferrer\">Le projet M\u00e9chante reine , Evil Queen ouat le manteau de robe p4<\/a><\/span><\/p>\n<p style=\"text-align: center;\"><span style=\"font-size: 18pt;\"><img decoding=\"async\" src=\"https:\/\/costumes-urbains.com\/wp-content\/uploads\/2021\/01\/20201002_145212-1024x576.jpg\" \/><\/span><\/p>\n<p style=\"text-align: center;\"><span style=\"font-size: 18pt;\"><a href=\"https:\/\/costumes-urbains.com\/?p=10298\" target=\"_blank\" rel=\"noopener noreferrer\">Le projet M\u00e9chante reine , Evil Queen ouat:le soutient gorge, les bijoux<\/a><\/span><\/p>\n<p style=\"text-align: center;\"><span style=\"font-size: 18pt;\"><img decoding=\"async\" src=\"https:\/\/costumes-urbains.com\/wp-content\/uploads\/2021\/01\/20200927_163314.jpg\" \/><\/span><\/p>\n<p style=\"text-align: center;\"><span style=\"font-size: 18pt;\"><a href=\"https:\/\/costumes-urbains.com\/?p=10305\" target=\"_blank\" rel=\"noopener noreferrer\">Le projet M\u00e9chante reine , Evil Queen ouat: le rendu final<\/a><\/span><\/p>\n<p style=\"text-align: center;\"><span style=\"font-size: 18pt;\"><img decoding=\"async\" src=\"https:\/\/costumes-urbains.com\/wp-content\/uploads\/2021\/01\/20201010_164955.jpg\" \/><\/span><\/p>\n<p style=\"text-align: center;\"><span style=\"font-size: 18pt;\"><a href=\"https:\/\/costumes-urbains.com\/?p=10347\" target=\"_blank\" rel=\"noopener noreferrer\">La m\u00e9chante reine OUAT, once upon a time par Fr\u00e9d\u00e9ric Cherpe<\/a><\/span><\/p>\n<p style=\"text-align: center;\"><span style=\"font-size: 18pt;\"><img decoding=\"async\" src=\"https:\/\/costumes-urbains.com\/wp-content\/uploads\/2021\/03\/FCS_DSC_1298_Faitesb2.jpg\" \/><\/span><\/p>\n<p style=\"text-align: center;\"><span style=\"font-size: 18pt;\"><a href=\"https:\/\/costumes-urbains.com\/?p=10355\" target=\"_blank\" rel=\"noopener noreferrer\">La m\u00e9chante reine OUAT, once upon a time par photographi\u2019es<\/a><\/span><\/p>\n<p style=\"text-align: center;\"><span style=\"font-size: 18pt;\"><img decoding=\"async\" src=\"https:\/\/costumes-urbains.com\/wp-content\/uploads\/2021\/03\/IMG_2170.jpg\" \/><\/span><\/p>\n<p style=\"text-align: center;\">\n","protected":false},"excerpt":{"rendered":"<p>Il faut cliquer sur les Titres pour acc\u00e9der aux fiches d\u00e9taillant toute la\u00a0 r\u00e9alisation\u00a0 (liens rapides) \u00e9tape par \u00e9tape du costume lLe projet M\u00e9chante reine , Evil Queen ouat (once upon a time) le mat\u00e9riel Evil Queen ,once upon a time : les boudins de taille , le pad Evil Queen ,once upon a time [&hellip;]<\/p>\n","protected":false},"author":1,"featured_media":0,"parent":0,"menu_order":0,"comment_status":"closed","ping_status":"closed","template":"","meta":{"jetpack_post_was_ever_published":false,"footnotes":""},"class_list":["post-9715","page","type-page","status-publish","hentry"],"jetpack_sharing_enabled":true,"jetpack_likes_enabled":true,"_links":{"self":[{"href":"https:\/\/costumes-urbains.com\/index.php?rest_route=\/wp\/v2\/pages\/9715","targetHints":{"allow":["GET"]}}],"collection":[{"href":"https:\/\/costumes-urbains.com\/index.php?rest_route=\/wp\/v2\/pages"}],"about":[{"href":"https:\/\/costumes-urbains.com\/index.php?rest_route=\/wp\/v2\/types\/page"}],"author":[{"embeddable":true,"href":"https:\/\/costumes-urbains.com\/index.php?rest_route=\/wp\/v2\/users\/1"}],"replies":[{"embeddable":true,"href":"https:\/\/costumes-urbains.com\/index.php?rest_route=%2Fwp%2Fv2%2Fcomments&post=9715"}],"version-history":[{"count":4,"href":"https:\/\/costumes-urbains.com\/index.php?rest_route=\/wp\/v2\/pages\/9715\/revisions"}],"predecessor-version":[{"id":11333,"href":"https:\/\/costumes-urbains.com\/index.php?rest_route=\/wp\/v2\/pages\/9715\/revisions\/11333"}],"wp:attachment":[{"href":"https:\/\/costumes-urbains.com\/index.php?rest_route=%2Fwp%2Fv2%2Fmedia&parent=9715"}],"curies":[{"name":"wp","href":"https:\/\/api.w.org\/{rel}","templated":true}]}}